{"id":2600,"date":"2022-10-05T06:54:30","date_gmt":"2022-10-05T03:54:30","guid":{"rendered":"https:\/\/valgerannaseikluspark.ee\/opening-hours\/"},"modified":"2026-03-24T12:04:33","modified_gmt":"2026-03-24T10:04:33","slug":"aukioloajat","status":"publish","type":"page","link":"https:\/\/valgerannaseikluspark.ee\/fi\/aukioloajat\/","title":{"rendered":"Aukioloajat"},"content":{"rendered":"\t\t<div data-elementor-type=\"wp-page\" data-elementor-id=\"2600\" class=\"elementor elementor-2600 elementor-1180\" data-elementor-post-type=\"page\">\n\t\t\t\t\t\t<section class=\"elementor-section elementor-top-section elementor-element elementor-element-8e9d293 elementor-section-boxed elementor-section-height-default elementor-section-height-default\" data-id=\"8e9d293\" data-element_type=\"section\" data-e-type=\"section\">\n\t\t\t\t\t\t<div class=\"elementor-container elementor-column-gap-default\">\n\t\t\t\t\t<div class=\"elementor-column elementor-col-100 elementor-top-column elementor-element elementor-element-1c8815e\" data-id=\"1c8815e\" data-element_type=\"column\" data-e-type=\"column\">\n\t\t\t<div class=\"elementor-widget-wrap elementor-element-populated\">\n\t\t\t\t\t\t<div class=\"elementor-element elementor-element-85ce3bb elementor-widget elementor-widget-heading\" data-id=\"85ce3bb\" data-element_type=\"widget\" data-e-type=\"widget\" data-widget_type=\"heading.default\">\n\t\t\t\t<div class=\"elementor-widget-container\">\n\t\t\t\t\t<h2 class=\"elementor-heading-title elementor-size-default\">Avoinna joka p\u00e4iv\u00e4 kes\u00e4ll\u00e4!<\/h2>\t\t\t\t<\/div>\n\t\t\t\t<\/div>\n\t\t\t\t\t<\/div>\n\t\t<\/div>\n\t\t\t\t\t<\/div>\n\t\t<\/section>\n\t\t\t\t<section class=\"elementor-section elementor-top-section elementor-element elementor-element-2ecd321 elementor-section-boxed elementor-section-height-default elementor-section-height-default\" data-id=\"2ecd321\" data-element_type=\"section\" data-e-type=\"section\">\n\t\t\t\t\t\t<div class=\"elementor-container elementor-column-gap-default\">\n\t\t\t\t\t<div class=\"elementor-column elementor-col-50 elementor-top-column elementor-element elementor-element-218c54a\" data-id=\"218c54a\" data-element_type=\"column\" data-e-type=\"column\">\n\t\t\t<div class=\"elementor-widget-wrap elementor-element-populated\">\n\t\t\t\t\t\t<div class=\"elementor-element elementor-element-bdf4524 elementor-widget elementor-widget-heading\" data-id=\"bdf4524\" data-element_type=\"widget\" data-e-type=\"widget\" data-widget_type=\"heading.default\">\n\t\t\t\t<div class=\"elementor-widget-container\">\n\t\t\t\t\t<h3 class=\"elementor-heading-title elementor-size-default\">Huhtikuu<\/h3>\t\t\t\t<\/div>\n\t\t\t\t<\/div>\n\t\t\t\t<div class=\"elementor-element elementor-element-40c1896 elementor-widget elementor-widget-text-editor\" data-id=\"40c1896\" data-element_type=\"widget\" data-e-type=\"widget\" data-widget_type=\"text-editor.default\">\n\t\t\t\t<div class=\"elementor-widget-container\">\n\t\t\t\t\t\t\t\t\t<p>Olemme avoinna <strong>13.-19. ja 25.-26. huhtikuuta<\/strong><\/p><p>Lauantai-Sunnuntai klo 11:00-18:00<br \/><span style=\"color: var( --e-global-color-text ); font-family: var( --e-global-typography-text-font-family ), Sans-serif;\">Radalle p\u00e4\u00e4see klo 16.00 asti<\/span><\/p>\t\t\t\t\t\t\t\t<\/div>\n\t\t\t\t<\/div>\n\t\t\t\t\t<\/div>\n\t\t<\/div>\n\t\t\t\t<div class=\"elementor-column elementor-col-50 elementor-top-column elementor-element elementor-element-83314dd\" data-id=\"83314dd\" data-element_type=\"column\" data-e-type=\"column\">\n\t\t\t<div class=\"elementor-widget-wrap elementor-element-populated\">\n\t\t\t\t\t\t<div class=\"elementor-element elementor-element-a3474e3 elementor-widget elementor-widget-heading\" data-id=\"a3474e3\" data-element_type=\"widget\" data-e-type=\"widget\" data-widget_type=\"heading.default\">\n\t\t\t\t<div class=\"elementor-widget-container\">\n\t\t\t\t\t<h3 class=\"elementor-heading-title elementor-size-default\">Toukokuu<\/h3>\t\t\t\t<\/div>\n\t\t\t\t<\/div>\n\t\t\t\t<div class=\"elementor-element elementor-element-06348be elementor-widget elementor-widget-text-editor\" data-id=\"06348be\" data-element_type=\"widget\" data-e-type=\"widget\" data-widget_type=\"text-editor.default\">\n\t\t\t\t<div class=\"elementor-widget-container\">\n\t\t\t\t\t\t\t\t\t<p><span style=\"color: #ff0000;\"><b>01.05<\/b><\/span> klo 11.00-18.00<br \/><span style=\"color: var( --e-global-color-text ); font-family: var( --e-global-typography-text-font-family ), Sans-serif;\">Radalle p\u00e4\u00e4see klo 16:00 asti<\/span><\/p><p>Man-Tors\u00a0<b>ennakkovarauksella<\/b> min 6 henkil\u00f6lle, minimi varausmaksu on 200\u20ac.<\/p><p>Perjantai klo 12:00-19:00<br \/>Radalle p\u00e4\u00e4see klo 17.00 asti<\/p><p>Lauantai-Sunnuntai klo 11:00-20:00<br \/><span style=\"color: var( --e-global-color-text ); font-family: var( --e-global-typography-text-font-family ), Sans-serif;\">Radalle p\u00e4\u00e4see klo 18.00 asti<\/span><\/p>\t\t\t\t\t\t\t\t<\/div>\n\t\t\t\t<\/div>\n\t\t\t\t\t<\/div>\n\t\t<\/div>\n\t\t\t\t\t<\/div>\n\t\t<\/section>\n\t\t\t\t<section class=\"elementor-section elementor-top-section elementor-element elementor-element-080fc7a elementor-section-boxed elementor-section-height-default elementor-section-height-default\" data-id=\"080fc7a\" data-element_type=\"section\" data-e-type=\"section\">\n\t\t\t\t\t\t<div class=\"elementor-container elementor-column-gap-default\">\n\t\t\t\t\t<div class=\"elementor-column elementor-col-50 elementor-top-column elementor-element elementor-element-ab3c67b\" data-id=\"ab3c67b\" data-element_type=\"column\" data-e-type=\"column\">\n\t\t\t<div class=\"elementor-widget-wrap elementor-element-populated\">\n\t\t\t\t\t\t<div class=\"elementor-element elementor-element-2b649a0 elementor-widget elementor-widget-heading\" data-id=\"2b649a0\" data-element_type=\"widget\" data-e-type=\"widget\" data-widget_type=\"heading.default\">\n\t\t\t\t<div class=\"elementor-widget-container\">\n\t\t\t\t\t<h3 class=\"elementor-heading-title elementor-size-default\">Kes\u00e4kuu <\/h3>\t\t\t\t<\/div>\n\t\t\t\t<\/div>\n\t\t\t\t<div class=\"elementor-element elementor-element-ce21d8e elementor-widget elementor-widget-text-editor\" data-id=\"ce21d8e\" data-element_type=\"widget\" data-e-type=\"widget\" data-widget_type=\"text-editor.default\">\n\t\t\t\t<div class=\"elementor-widget-container\">\n\t\t\t\t\t\t\t\t\t<p>Maanantai-Sunnuntai 10:00-21:00 <br \/>Radalle p\u00e4\u00e4see klo 19.00 asti<\/p><p><span style=\"color: #ff0000;\"><b>23.06<\/b><\/span>\u00a0klo 10.00-19.00<br \/><span style=\"color: var( --e-global-color-text ); font-family: var( --e-global-typography-text-font-family ), Sans-serif;\">Radalle p\u00e4\u00e4see klo 17:00 asti<\/span><\/p><p><span style=\"color: #ff0000;\"><b>24.06<\/b><\/span>\u00a0klo 11.00-21.00<br \/>Radalle p\u00e4\u00e4see klo 19.00 asti<\/p>\t\t\t\t\t\t\t\t<\/div>\n\t\t\t\t<\/div>\n\t\t\t\t\t<\/div>\n\t\t<\/div>\n\t\t\t\t<div class=\"elementor-column elementor-col-50 elementor-top-column elementor-element elementor-element-1ee802c\" data-id=\"1ee802c\" data-element_type=\"column\" data-e-type=\"column\">\n\t\t\t<div class=\"elementor-widget-wrap elementor-element-populated\">\n\t\t\t\t\t\t<div class=\"elementor-element elementor-element-77f197d elementor-widget elementor-widget-heading\" data-id=\"77f197d\" data-element_type=\"widget\" data-e-type=\"widget\" data-widget_type=\"heading.default\">\n\t\t\t\t<div class=\"elementor-widget-container\">\n\t\t\t\t\t<h3 class=\"elementor-heading-title elementor-size-default\">Hein\u00e4kuu <\/h3>\t\t\t\t<\/div>\n\t\t\t\t<\/div>\n\t\t\t\t<div class=\"elementor-element elementor-element-d6ca502 elementor-widget elementor-widget-text-editor\" data-id=\"d6ca502\" data-element_type=\"widget\" data-e-type=\"widget\" data-widget_type=\"text-editor.default\">\n\t\t\t\t<div class=\"elementor-widget-container\">\n\t\t\t\t\t\t\t\t\t<p>Maanantai-Sunnuntai 10:00\u201321:00 <br \/>Radalle p\u00e4\u00e4see klo 19.00 asti<\/p>\t\t\t\t\t\t\t\t<\/div>\n\t\t\t\t<\/div>\n\t\t\t\t\t<\/div>\n\t\t<\/div>\n\t\t\t\t\t<\/div>\n\t\t<\/section>\n\t\t\t\t<section class=\"elementor-section elementor-top-section elementor-element elementor-element-e98d6f2 elementor-section-boxed elementor-section-height-default elementor-section-height-default\" data-id=\"e98d6f2\" data-element_type=\"section\" data-e-type=\"section\">\n\t\t\t\t\t\t<div class=\"elementor-container elementor-column-gap-default\">\n\t\t\t\t\t<div class=\"elementor-column elementor-col-50 elementor-top-column elementor-element elementor-element-36d2423\" data-id=\"36d2423\" data-element_type=\"column\" data-e-type=\"column\">\n\t\t\t<div class=\"elementor-widget-wrap elementor-element-populated\">\n\t\t\t\t\t\t<div class=\"elementor-element elementor-element-81111c8 elementor-widget elementor-widget-heading\" data-id=\"81111c8\" data-element_type=\"widget\" data-e-type=\"widget\" data-widget_type=\"heading.default\">\n\t\t\t\t<div class=\"elementor-widget-container\">\n\t\t\t\t\t<h3 class=\"elementor-heading-title elementor-size-default\">Elokuu<\/h3>\t\t\t\t<\/div>\n\t\t\t\t<\/div>\n\t\t\t\t<div class=\"elementor-element elementor-element-c1b2648 elementor-widget elementor-widget-text-editor\" data-id=\"c1b2648\" data-element_type=\"widget\" data-e-type=\"widget\" data-widget_type=\"text-editor.default\">\n\t\t\t\t<div class=\"elementor-widget-container\">\n\t\t\t\t\t\t\t\t\t<p><strong>17. elokuuta asti<\/strong><br \/><span style=\"color: var( --e-global-color-text ); font-family: var( --e-global-typography-text-font-family ), Sans-serif;\">Maanantai-Sunnuntai 10:00-21:00<br \/><\/span><span style=\"color: var( --e-global-color-text ); font-family: var( --e-global-typography-text-font-family ), Sans-serif;\">Radalle p\u00e4\u00e4see klo 19.00 asti<\/span><\/p><p><strong>18. elokuuta alkaen<\/strong><br \/><span style=\"color: var( --e-global-color-text ); font-family: var( --e-global-typography-text-font-family ), Sans-serif;\">Maanantai-Sunnuntai 10:00-20:00<br \/><\/span><span style=\"color: var( --e-global-color-text ); font-family: var( --e-global-typography-text-font-family ), Sans-serif;\">Radalle p\u00e4\u00e4see klo 18.00 asti<\/span><\/p><p><span style=\"color: #ff0000;\"><b>20.08<\/b><\/span>\u00a0klo 10.00-20.00<br \/><span style=\"color: var( --e-global-color-text ); font-family: var( --e-global-typography-text-font-family ), Sans-serif;\">Radalle p\u00e4\u00e4see klo 18:00 asti<\/span><\/p>\t\t\t\t\t\t\t\t<\/div>\n\t\t\t\t<\/div>\n\t\t\t\t\t<\/div>\n\t\t<\/div>\n\t\t\t\t<div class=\"elementor-column elementor-col-50 elementor-top-column elementor-element elementor-element-7f8fc22\" data-id=\"7f8fc22\" data-element_type=\"column\" data-e-type=\"column\">\n\t\t\t<div class=\"elementor-widget-wrap elementor-element-populated\">\n\t\t\t\t\t\t<div class=\"elementor-element elementor-element-36c7cf2 elementor-widget elementor-widget-heading\" data-id=\"36c7cf2\" data-element_type=\"widget\" data-e-type=\"widget\" data-widget_type=\"heading.default\">\n\t\t\t\t<div class=\"elementor-widget-container\">\n\t\t\t\t\t<h3 class=\"elementor-heading-title elementor-size-default\">Syyskuu<\/h3>\t\t\t\t<\/div>\n\t\t\t\t<\/div>\n\t\t\t\t<div class=\"elementor-element elementor-element-b04d80b elementor-widget elementor-widget-text-editor\" data-id=\"b04d80b\" data-element_type=\"widget\" data-e-type=\"widget\" data-widget_type=\"text-editor.default\">\n\t\t\t\t<div class=\"elementor-widget-container\">\n\t\t\t\t\t\t\t\t\t<p><strong>Man-Per<\/strong> ennakkovarauksella <b>min 6<\/b> henkil\u00f6lle. Minimi varausmaksu on 200 \u20ac<\/p><p>Lauantai-Sunnuntai klo 11:00-19:00 <br \/>Radalle p\u00e4\u00e4see klo 17.00 asti<\/p>\t\t\t\t\t\t\t\t<\/div>\n\t\t\t\t<\/div>\n\t\t\t\t<div class=\"elementor-element elementor-element-7a25f38 elementor-widget elementor-widget-heading\" data-id=\"7a25f38\" data-element_type=\"widget\" data-e-type=\"widget\" data-widget_type=\"heading.default\">\n\t\t\t\t<div class=\"elementor-widget-container\">\n\t\t\t\t\t<h3 class=\"elementor-heading-title elementor-size-default\">Lokakuu<\/h3>\t\t\t\t<\/div>\n\t\t\t\t<\/div>\n\t\t\t\t<div class=\"elementor-element elementor-element-75a0b61 elementor-widget elementor-widget-text-editor\" data-id=\"75a0b61\" data-element_type=\"widget\" data-e-type=\"widget\" data-widget_type=\"text-editor.default\">\n\t\t\t\t<div class=\"elementor-widget-container\">\n\t\t\t\t\t\t\t\t\t<p><strong>Man-Sun<\/strong>&nbsp;ennakkovarauksella <b>min 6<\/b> henkil\u00f6lle. Minimi varausmaksu on 200\u20ac&nbsp;<\/p>\n<p><strong>Avoinna 24.-31. lokakuuta<\/strong><br>Radalle p\u00e4\u00e4see klo 12-16.00, radat sulkeutuvat klo 18.00<\/p>\t\t\t\t\t\t\t\t<\/div>\n\t\t\t\t<\/div>\n\t\t\t\t\t<\/div>\n\t\t<\/div>\n\t\t\t\t\t<\/div>\n\t\t<\/section>\n\t\t\t\t<section class=\"elementor-section elementor-top-section elementor-element elementor-element-4be5f5c elementor-section-boxed elementor-section-height-default elementor-section-height-default\" data-id=\"4be5f5c\" data-element_type=\"section\" data-e-type=\"section\">\n\t\t\t\t\t\t<div class=\"elementor-container elementor-column-gap-default\">\n\t\t\t\t\t<div class=\"elementor-column elementor-col-100 elementor-top-column elementor-element elementor-element-4fee1ae\" data-id=\"4fee1ae\" data-element_type=\"column\" data-e-type=\"column\">\n\t\t\t<div class=\"elementor-widget-wrap elementor-element-populated\">\n\t\t\t\t\t\t<div class=\"elementor-element elementor-element-b1b0326 elementor-widget elementor-widget-text-editor\" data-id=\"b1b0326\" data-element_type=\"widget\" data-e-type=\"widget\" data-widget_type=\"text-editor.default\">\n\t\t\t\t<div class=\"elementor-widget-container\">\n\t\t\t\t\t\t\t\t\t<ul><li>Valgerannan seikkailupuisto on suljettu talvella.<\/li><\/ul>\t\t\t\t\t\t\t\t<\/div>\n\t\t\t\t<\/div>\n\t\t\t\t\t<\/div>\n\t\t<\/div>\n\t\t\t\t\t<\/div>\n\t\t<\/section>\n\t\t\t\t<\/div>\n\t\t","protected":false},"excerpt":{"rendered":"<p>Avoinna joka p\u00e4iv\u00e4 kes\u00e4ll\u00e4! Huhtikuu Olemme avoinna 13.-19. ja 25.-26. huhtikuuta Lauantai-Sunnuntai klo 11:00-18:00Radalle p\u00e4\u00e4see klo 16.00 asti Toukokuu 01.05 klo 11.00-18.00Radalle p\u00e4\u00e4see klo 16:00 asti Man-Tors\u00a0ennakkovarauksella min 6 henkil\u00f6lle, [&hellip;]<\/p>\n","protected":false},"author":1,"featured_media":0,"parent":0,"menu_order":52,"comment_status":"closed","ping_status":"closed","template":"","meta":{"footnotes":""},"class_list":["post-2600","page","type-page","status-publish","hentry"],"yoast_head":"<!-- This site is optimized with the Yoast SEO plugin v26.9 - https:\/\/yoast.com\/product\/yoast-seo-wordpress\/ -->\n<title>Aukioloajat - Valgeranna Seikluspark<\/title>\n<meta name=\"robots\" content=\"index, follow, max-snippet:-1, max-image-preview:large, max-video-preview:-1\" \/>\n<link rel=\"canonical\" href=\"https:\/\/valgerannaseikluspark.ee\/fi\/aukioloajat\/\" \/>\n<meta property=\"og:locale\" content=\"fi_FI\" \/>\n<meta property=\"og:type\" content=\"article\" \/>\n<meta property=\"og:title\" content=\"Aukioloajat - Valgeranna Seikluspark\" \/>\n<meta property=\"og:description\" content=\"Avoinna joka p\u00e4iv\u00e4 kes\u00e4ll\u00e4! Huhtikuu Olemme avoinna 13.-19. ja 25.-26. huhtikuuta Lauantai-Sunnuntai klo 11:00-18:00Radalle p\u00e4\u00e4see klo 16.00 asti Toukokuu 01.05 klo 11.00-18.00Radalle p\u00e4\u00e4see klo 16:00 asti Man-Tors\u00a0ennakkovarauksella min 6 henkil\u00f6lle, [&hellip;]\" \/>\n<meta property=\"og:url\" content=\"https:\/\/valgerannaseikluspark.ee\/fi\/aukioloajat\/\" \/>\n<meta property=\"og:site_name\" content=\"Valgeranna Seikluspark\" \/>\n<meta property=\"article:publisher\" content=\"https:\/\/www.facebook.com\/valgerannaseikluspark\" \/>\n<meta property=\"article:modified_time\" content=\"2026-03-24T10:04:33+00:00\" \/>\n<meta name=\"twitter:card\" content=\"summary_large_image\" \/>\n<meta name=\"twitter:label1\" content=\"Arvioitu lukuaika\" \/>\n\t<meta name=\"twitter:data1\" content=\"1 minuutti\" \/>\n<script type=\"application\/ld+json\" class=\"yoast-schema-graph\">{\"@context\":\"https:\/\/schema.org\",\"@graph\":[{\"@type\":\"WebPage\",\"@id\":\"https:\/\/valgerannaseikluspark.ee\/fi\/aukioloajat\/\",\"url\":\"https:\/\/valgerannaseikluspark.ee\/fi\/aukioloajat\/\",\"name\":\"Aukioloajat - Valgeranna Seikluspark\",\"isPartOf\":{\"@id\":\"https:\/\/valgerannaseikluspark.ee\/fi\/#website\"},\"datePublished\":\"2022-10-05T03:54:30+00:00\",\"dateModified\":\"2026-03-24T10:04:33+00:00\",\"breadcrumb\":{\"@id\":\"https:\/\/valgerannaseikluspark.ee\/fi\/aukioloajat\/#breadcrumb\"},\"inLanguage\":\"fi\",\"potentialAction\":[{\"@type\":\"ReadAction\",\"target\":[\"https:\/\/valgerannaseikluspark.ee\/fi\/aukioloajat\/\"]}]},{\"@type\":\"BreadcrumbList\",\"@id\":\"https:\/\/valgerannaseikluspark.ee\/fi\/aukioloajat\/#breadcrumb\",\"itemListElement\":[{\"@type\":\"ListItem\",\"position\":1,\"name\":\"Home\",\"item\":\"https:\/\/valgerannaseikluspark.ee\/fi\/\"},{\"@type\":\"ListItem\",\"position\":2,\"name\":\"Aukioloajat\"}]},{\"@type\":\"WebSite\",\"@id\":\"https:\/\/valgerannaseikluspark.ee\/fi\/#website\",\"url\":\"https:\/\/valgerannaseikluspark.ee\/fi\/\",\"name\":\"Valgeranna Seikluspark\",\"description\":\"\",\"publisher\":{\"@id\":\"https:\/\/valgerannaseikluspark.ee\/fi\/#organization\"},\"potentialAction\":[{\"@type\":\"SearchAction\",\"target\":{\"@type\":\"EntryPoint\",\"urlTemplate\":\"https:\/\/valgerannaseikluspark.ee\/fi\/?s={search_term_string}\"},\"query-input\":{\"@type\":\"PropertyValueSpecification\",\"valueRequired\":true,\"valueName\":\"search_term_string\"}}],\"inLanguage\":\"fi\"},{\"@type\":\"Organization\",\"@id\":\"https:\/\/valgerannaseikluspark.ee\/fi\/#organization\",\"name\":\"Valgeranna Seikluspark\",\"url\":\"https:\/\/valgerannaseikluspark.ee\/fi\/\",\"logo\":{\"@type\":\"ImageObject\",\"inLanguage\":\"fi\",\"@id\":\"https:\/\/valgerannaseikluspark.ee\/fi\/#\/schema\/logo\/image\/\",\"url\":\"https:\/\/valgerannaseikluspark.ee\/wp-content\/uploads\/2022\/11\/VSP_Logo_RGB-1.png\",\"contentUrl\":\"https:\/\/valgerannaseikluspark.ee\/wp-content\/uploads\/2022\/11\/VSP_Logo_RGB-1.png\",\"width\":1600,\"height\":900,\"caption\":\"Valgeranna Seikluspark\"},\"image\":{\"@id\":\"https:\/\/valgerannaseikluspark.ee\/fi\/#\/schema\/logo\/image\/\"},\"sameAs\":[\"https:\/\/www.facebook.com\/valgerannaseikluspark\"]}]}<\/script>\n<!-- \/ Yoast SEO plugin. -->","yoast_head_json":{"title":"Aukioloajat - Valgeranna Seikluspark","robots":{"index":"index","follow":"follow","max-snippet":"max-snippet:-1","max-image-preview":"max-image-preview:large","max-video-preview":"max-video-preview:-1"},"canonical":"https:\/\/valgerannaseikluspark.ee\/fi\/aukioloajat\/","og_locale":"fi_FI","og_type":"article","og_title":"Aukioloajat - Valgeranna Seikluspark","og_description":"Avoinna joka p\u00e4iv\u00e4 kes\u00e4ll\u00e4! Huhtikuu Olemme avoinna 13.-19. ja 25.-26. huhtikuuta Lauantai-Sunnuntai klo 11:00-18:00Radalle p\u00e4\u00e4see klo 16.00 asti Toukokuu 01.05 klo 11.00-18.00Radalle p\u00e4\u00e4see klo 16:00 asti Man-Tors\u00a0ennakkovarauksella min 6 henkil\u00f6lle, [&hellip;]","og_url":"https:\/\/valgerannaseikluspark.ee\/fi\/aukioloajat\/","og_site_name":"Valgeranna Seikluspark","article_publisher":"https:\/\/www.facebook.com\/valgerannaseikluspark","article_modified_time":"2026-03-24T10:04:33+00:00","twitter_card":"summary_large_image","twitter_misc":{"Arvioitu lukuaika":"1 minuutti"},"schema":{"@context":"https:\/\/schema.org","@graph":[{"@type":"WebPage","@id":"https:\/\/valgerannaseikluspark.ee\/fi\/aukioloajat\/","url":"https:\/\/valgerannaseikluspark.ee\/fi\/aukioloajat\/","name":"Aukioloajat - Valgeranna Seikluspark","isPartOf":{"@id":"https:\/\/valgerannaseikluspark.ee\/fi\/#website"},"datePublished":"2022-10-05T03:54:30+00:00","dateModified":"2026-03-24T10:04:33+00:00","breadcrumb":{"@id":"https:\/\/valgerannaseikluspark.ee\/fi\/aukioloajat\/#breadcrumb"},"inLanguage":"fi","potentialAction":[{"@type":"ReadAction","target":["https:\/\/valgerannaseikluspark.ee\/fi\/aukioloajat\/"]}]},{"@type":"BreadcrumbList","@id":"https:\/\/valgerannaseikluspark.ee\/fi\/aukioloajat\/#breadcrumb","itemListElement":[{"@type":"ListItem","position":1,"name":"Home","item":"https:\/\/valgerannaseikluspark.ee\/fi\/"},{"@type":"ListItem","position":2,"name":"Aukioloajat"}]},{"@type":"WebSite","@id":"https:\/\/valgerannaseikluspark.ee\/fi\/#website","url":"https:\/\/valgerannaseikluspark.ee\/fi\/","name":"Valgeranna Seikluspark","description":"","publisher":{"@id":"https:\/\/valgerannaseikluspark.ee\/fi\/#organization"},"potentialAction":[{"@type":"SearchAction","target":{"@type":"EntryPoint","urlTemplate":"https:\/\/valgerannaseikluspark.ee\/fi\/?s={search_term_string}"},"query-input":{"@type":"PropertyValueSpecification","valueRequired":true,"valueName":"search_term_string"}}],"inLanguage":"fi"},{"@type":"Organization","@id":"https:\/\/valgerannaseikluspark.ee\/fi\/#organization","name":"Valgeranna Seikluspark","url":"https:\/\/valgerannaseikluspark.ee\/fi\/","logo":{"@type":"ImageObject","inLanguage":"fi","@id":"https:\/\/valgerannaseikluspark.ee\/fi\/#\/schema\/logo\/image\/","url":"https:\/\/valgerannaseikluspark.ee\/wp-content\/uploads\/2022\/11\/VSP_Logo_RGB-1.png","contentUrl":"https:\/\/valgerannaseikluspark.ee\/wp-content\/uploads\/2022\/11\/VSP_Logo_RGB-1.png","width":1600,"height":900,"caption":"Valgeranna Seikluspark"},"image":{"@id":"https:\/\/valgerannaseikluspark.ee\/fi\/#\/schema\/logo\/image\/"},"sameAs":["https:\/\/www.facebook.com\/valgerannaseikluspark"]}]}},"_links":{"self":[{"href":"https:\/\/valgerannaseikluspark.ee\/fi\/wp-json\/wp\/v2\/pages\/2600","targetHints":{"allow":["GET"]}}],"collection":[{"href":"https:\/\/valgerannaseikluspark.ee\/fi\/wp-json\/wp\/v2\/pages"}],"about":[{"href":"https:\/\/valgerannaseikluspark.ee\/fi\/wp-json\/wp\/v2\/types\/page"}],"author":[{"embeddable":true,"href":"https:\/\/valgerannaseikluspark.ee\/fi\/wp-json\/wp\/v2\/users\/1"}],"replies":[{"embeddable":true,"href":"https:\/\/valgerannaseikluspark.ee\/fi\/wp-json\/wp\/v2\/comments?post=2600"}],"version-history":[{"count":55,"href":"https:\/\/valgerannaseikluspark.ee\/fi\/wp-json\/wp\/v2\/pages\/2600\/revisions"}],"predecessor-version":[{"id":12679,"href":"https:\/\/valgerannaseikluspark.ee\/fi\/wp-json\/wp\/v2\/pages\/2600\/revisions\/12679"}],"wp:attachment":[{"href":"https:\/\/valgerannaseikluspark.ee\/fi\/wp-json\/wp\/v2\/media?parent=2600"}],"curies":[{"name":"wp","href":"https:\/\/api.w.org\/{rel}","templated":true}]}}