{"id":2592,"date":"2022-10-04T13:20:43","date_gmt":"2022-10-04T10:20:43","guid":{"rendered":"https:\/\/valgerannaseikluspark.ee\/bachelorette-party\/"},"modified":"2023-03-01T12:02:30","modified_gmt":"2023-03-01T10:02:30","slug":"polttarit","status":"publish","type":"page","link":"https:\/\/valgerannaseikluspark.ee\/fi\/polttarit\/","title":{"rendered":"Polttarit"},"content":{"rendered":"\t\t<div data-elementor-type=\"wp-page\" data-elementor-id=\"2592\" class=\"elementor elementor-2592 elementor-1116\" data-elementor-post-type=\"page\">\n\t\t\t\t\t\t<section class=\"elementor-section elementor-top-section elementor-element elementor-element-46d5aa2f elementor-section-boxed elementor-section-height-default elementor-section-height-default\" data-id=\"46d5aa2f\" data-element_type=\"section\" data-e-type=\"section\">\n\t\t\t\t\t\t<div class=\"elementor-container elementor-column-gap-default\">\n\t\t\t\t\t<div class=\"elementor-column elementor-col-100 elementor-top-column elementor-element elementor-element-7be99179\" data-id=\"7be99179\" data-element_type=\"column\" data-e-type=\"column\">\n\t\t\t<div class=\"elementor-widget-wrap elementor-element-populated\">\n\t\t\t\t\t\t<div class=\"elementor-element elementor-element-7ad1f139 elementor-widget elementor-widget-heading\" data-id=\"7ad1f139\" data-element_type=\"widget\" data-e-type=\"widget\" data-widget_type=\"heading.default\">\n\t\t\t\t<div class=\"elementor-widget-container\">\n\t\t\t\t\t<h3 class=\"elementor-heading-title elementor-size-default\">Seikkailu puiden latvoissa tuleville morsiamille sek\u00e4 sulhasille ennen avioel\u00e4m\u00e4\u00e4n astumista.<\/h3>\t\t\t\t<\/div>\n\t\t\t\t<\/div>\n\t\t\t\t<section class=\"elementor-section elementor-inner-section elementor-element elementor-element-641bf2d elementor-section-boxed elementor-section-height-default elementor-section-height-default\" data-id=\"641bf2d\" data-element_type=\"section\" data-e-type=\"section\">\n\t\t\t\t\t\t<div class=\"elementor-container elementor-column-gap-default\">\n\t\t\t\t\t<div class=\"elementor-column elementor-col-50 elementor-inner-column elementor-element elementor-element-b9ab3e1\" data-id=\"b9ab3e1\" data-element_type=\"column\" data-e-type=\"column\">\n\t\t\t<div class=\"elementor-widget-wrap elementor-element-populated\">\n\t\t\t\t\t\t<div class=\"elementor-element elementor-element-6a45ee08 elementor-widget elementor-widget-text-editor\" data-id=\"6a45ee08\" data-element_type=\"widget\" data-e-type=\"widget\" data-widget_type=\"text-editor.default\">\n\t\t\t\t<div class=\"elementor-widget-container\">\n\t\t\t\t\t\t\t\t\t<p><span style=\"color: var( --e-global-color-text ); font-family: var( --e-global-typography-text-font-family ), Sans-serif;\">Kiivetk\u00e4\u00e4 kaikki seikkailuradat yhdess\u00e4 tai kannustakaa morsianta tai sulhasta radan alta.<\/span><\/p><p><span style=\"color: var( --e-global-color-text ); font-family: var( --e-global-typography-text-font-family ), Sans-serif;\">Suosittelemme seikkailuratojen suorittamista koko porukalla, silloin hauskuus ja positiiviset tunteet ovat taattuja.<\/span><\/p><p><span style=\"color: var( --e-global-color-text ); font-family: var( --e-global-typography-text-font-family ), Sans-serif;\">Kaikkien ratojen suorittamiseen menee noin 2-3 tuntia. Voitte my\u00f6skin suorittaa vain osan radoista. Perusteellinen turvaopastus sek\u00e4 testirata ovat pakollisia kaikille seikkailijoille.<\/span><\/p>\t\t\t\t\t\t\t\t<\/div>\n\t\t\t\t<\/div>\n\t\t\t\t\t<\/div>\n\t\t<\/div>\n\t\t\t\t<div class=\"elementor-column elementor-col-50 elementor-inner-column elementor-element elementor-element-aad6eee\" data-id=\"aad6eee\" data-element_type=\"column\" data-e-type=\"column\">\n\t\t\t<div class=\"elementor-widget-wrap elementor-element-populated\">\n\t\t\t\t\t\t<div class=\"elementor-element elementor-element-b14ac39 elementor-widget elementor-widget-masked_image_with_back\" data-id=\"b14ac39\" data-element_type=\"widget\" data-e-type=\"widget\" data-widget_type=\"masked_image_with_back.default\">\n\t\t\t\t<div class=\"elementor-widget-container\">\n\t\t\t\t\t<div class=\"mask\"><span class=\"mask-inner\"><img decoding=\"async\" class=\"mask-image\" src=\"https:\/\/valgerannaseikluspark.ee\/wp-content\/uploads\/2022\/10\/109535218_4717244501634916_3789309409541032182_n-copy.jpeg\" alt=\"\"><img decoding=\"async\" class=\"mask-image-back\" src=\"https:\/\/valgerannaseikluspark.ee\/wp-content\/plugins\/elementor-nxt\/vs_ring.svg\" alt=\"\"><\/span><\/div>\t\t\t\t<\/div>\n\t\t\t\t<\/div>\n\t\t\t\t<div class=\"elementor-element elementor-element-51e5f97 elementor-align-center elementor-widget elementor-widget-button\" data-id=\"51e5f97\" data-element_type=\"widget\" data-e-type=\"widget\" data-widget_type=\"button.default\">\n\t\t\t\t<div class=\"elementor-widget-container\">\n\t\t\t\t\t\t\t\t\t<div class=\"elementor-button-wrapper\">\n\t\t\t\t\t<a class=\"elementor-button elementor-button-link elementor-size-sm elementor-animation-grow\" href=\"https:\/\/valgerannaseikluspark.ee\/fi\/broneeri\/\">\n\t\t\t\t\t\t<span class=\"elementor-button-content-wrapper\">\n\t\t\t\t\t\t\t\t\t<span class=\"elementor-button-text\">Varaa nyt!<\/span>\n\t\t\t\t\t<\/span>\n\t\t\t\t\t<\/a>\n\t\t\t\t<\/div>\n\t\t\t\t\t\t\t\t<\/div>\n\t\t\t\t<\/div>\n\t\t\t\t\t<\/div>\n\t\t<\/div>\n\t\t\t\t\t<\/div>\n\t\t<\/section>\n\t\t\t\t\t<\/div>\n\t\t<\/div>\n\t\t\t\t\t<\/div>\n\t\t<\/section>\n\t\t\t\t<\/div>\n\t\t","protected":false},"excerpt":{"rendered":"<p>Seikkailu puiden latvoissa tuleville morsiamille sek\u00e4 sulhasille ennen avioel\u00e4m\u00e4\u00e4n astumista. Kiivetk\u00e4\u00e4 kaikki seikkailuradat yhdess\u00e4 tai kannustakaa morsianta tai sulhasta radan alta. Suosittelemme seikkailuratojen suorittamista koko porukalla, silloin hauskuus ja positiiviset [&hellip;]<\/p>\n","protected":false},"author":1,"featured_media":0,"parent":0,"menu_order":33,"comment_status":"closed","ping_status":"closed","template":"","meta":{"footnotes":""},"class_list":["post-2592","page","type-page","status-publish","hentry"],"yoast_head":"<!-- This site is optimized with the Yoast SEO plugin v26.9 - https:\/\/yoast.com\/product\/yoast-seo-wordpress\/ -->\n<title>Polttarit - Valgeranna Seikluspark<\/title>\n<meta name=\"robots\" content=\"index, follow, max-snippet:-1, max-image-preview:large, max-video-preview:-1\" \/>\n<link rel=\"canonical\" href=\"https:\/\/valgerannaseikluspark.ee\/fi\/polttarit\/\" \/>\n<meta property=\"og:locale\" content=\"fi_FI\" \/>\n<meta property=\"og:type\" content=\"article\" \/>\n<meta property=\"og:title\" content=\"Polttarit - Valgeranna Seikluspark\" \/>\n<meta property=\"og:description\" content=\"Seikkailu puiden latvoissa tuleville morsiamille sek\u00e4 sulhasille ennen avioel\u00e4m\u00e4\u00e4n astumista. Kiivetk\u00e4\u00e4 kaikki seikkailuradat yhdess\u00e4 tai kannustakaa morsianta tai sulhasta radan alta. Suosittelemme seikkailuratojen suorittamista koko porukalla, silloin hauskuus ja positiiviset [&hellip;]\" \/>\n<meta property=\"og:url\" content=\"https:\/\/valgerannaseikluspark.ee\/fi\/polttarit\/\" \/>\n<meta property=\"og:site_name\" content=\"Valgeranna Seikluspark\" \/>\n<meta property=\"article:publisher\" content=\"https:\/\/www.facebook.com\/valgerannaseikluspark\" \/>\n<meta property=\"article:modified_time\" content=\"2023-03-01T10:02:30+00:00\" \/>\n<meta property=\"og:image\" content=\"https:\/\/valgerannaseikluspark.ee\/wp-content\/uploads\/2022\/10\/109535218_4717244501634916_3789309409541032182_n-copy.jpeg\" \/>\n<meta name=\"twitter:card\" content=\"summary_large_image\" \/>\n<script type=\"application\/ld+json\" class=\"yoast-schema-graph\">{\"@context\":\"https:\/\/schema.org\",\"@graph\":[{\"@type\":\"WebPage\",\"@id\":\"https:\/\/valgerannaseikluspark.ee\/fi\/polttarit\/\",\"url\":\"https:\/\/valgerannaseikluspark.ee\/fi\/polttarit\/\",\"name\":\"Polttarit - Valgeranna Seikluspark\",\"isPartOf\":{\"@id\":\"https:\/\/valgerannaseikluspark.ee\/fi\/#website\"},\"primaryImageOfPage\":{\"@id\":\"https:\/\/valgerannaseikluspark.ee\/fi\/polttarit\/#primaryimage\"},\"image\":{\"@id\":\"https:\/\/valgerannaseikluspark.ee\/fi\/polttarit\/#primaryimage\"},\"thumbnailUrl\":\"https:\/\/valgerannaseikluspark.ee\/wp-content\/uploads\/2022\/10\/109535218_4717244501634916_3789309409541032182_n-copy.jpeg\",\"datePublished\":\"2022-10-04T10:20:43+00:00\",\"dateModified\":\"2023-03-01T10:02:30+00:00\",\"breadcrumb\":{\"@id\":\"https:\/\/valgerannaseikluspark.ee\/fi\/polttarit\/#breadcrumb\"},\"inLanguage\":\"fi\",\"potentialAction\":[{\"@type\":\"ReadAction\",\"target\":[\"https:\/\/valgerannaseikluspark.ee\/fi\/polttarit\/\"]}]},{\"@type\":\"ImageObject\",\"inLanguage\":\"fi\",\"@id\":\"https:\/\/valgerannaseikluspark.ee\/fi\/polttarit\/#primaryimage\",\"url\":\"https:\/\/valgerannaseikluspark.ee\/wp-content\/uploads\/2022\/10\/109535218_4717244501634916_3789309409541032182_n-copy.jpeg\",\"contentUrl\":\"https:\/\/valgerannaseikluspark.ee\/wp-content\/uploads\/2022\/10\/109535218_4717244501634916_3789309409541032182_n-copy.jpeg\"},{\"@type\":\"BreadcrumbList\",\"@id\":\"https:\/\/valgerannaseikluspark.ee\/fi\/polttarit\/#breadcrumb\",\"itemListElement\":[{\"@type\":\"ListItem\",\"position\":1,\"name\":\"Home\",\"item\":\"https:\/\/valgerannaseikluspark.ee\/fi\/\"},{\"@type\":\"ListItem\",\"position\":2,\"name\":\"Polttarit\"}]},{\"@type\":\"WebSite\",\"@id\":\"https:\/\/valgerannaseikluspark.ee\/fi\/#website\",\"url\":\"https:\/\/valgerannaseikluspark.ee\/fi\/\",\"name\":\"Valgeranna Seikluspark\",\"description\":\"\",\"publisher\":{\"@id\":\"https:\/\/valgerannaseikluspark.ee\/fi\/#organization\"},\"potentialAction\":[{\"@type\":\"SearchAction\",\"target\":{\"@type\":\"EntryPoint\",\"urlTemplate\":\"https:\/\/valgerannaseikluspark.ee\/fi\/?s={search_term_string}\"},\"query-input\":{\"@type\":\"PropertyValueSpecification\",\"valueRequired\":true,\"valueName\":\"search_term_string\"}}],\"inLanguage\":\"fi\"},{\"@type\":\"Organization\",\"@id\":\"https:\/\/valgerannaseikluspark.ee\/fi\/#organization\",\"name\":\"Valgeranna Seikluspark\",\"url\":\"https:\/\/valgerannaseikluspark.ee\/fi\/\",\"logo\":{\"@type\":\"ImageObject\",\"inLanguage\":\"fi\",\"@id\":\"https:\/\/valgerannaseikluspark.ee\/fi\/#\/schema\/logo\/image\/\",\"url\":\"https:\/\/valgerannaseikluspark.ee\/wp-content\/uploads\/2022\/11\/VSP_Logo_RGB-1.png\",\"contentUrl\":\"https:\/\/valgerannaseikluspark.ee\/wp-content\/uploads\/2022\/11\/VSP_Logo_RGB-1.png\",\"width\":1600,\"height\":900,\"caption\":\"Valgeranna Seikluspark\"},\"image\":{\"@id\":\"https:\/\/valgerannaseikluspark.ee\/fi\/#\/schema\/logo\/image\/\"},\"sameAs\":[\"https:\/\/www.facebook.com\/valgerannaseikluspark\"]}]}<\/script>\n<!-- \/ Yoast SEO plugin. -->","yoast_head_json":{"title":"Polttarit - Valgeranna Seikluspark","robots":{"index":"index","follow":"follow","max-snippet":"max-snippet:-1","max-image-preview":"max-image-preview:large","max-video-preview":"max-video-preview:-1"},"canonical":"https:\/\/valgerannaseikluspark.ee\/fi\/polttarit\/","og_locale":"fi_FI","og_type":"article","og_title":"Polttarit - Valgeranna Seikluspark","og_description":"Seikkailu puiden latvoissa tuleville morsiamille sek\u00e4 sulhasille ennen avioel\u00e4m\u00e4\u00e4n astumista. Kiivetk\u00e4\u00e4 kaikki seikkailuradat yhdess\u00e4 tai kannustakaa morsianta tai sulhasta radan alta. Suosittelemme seikkailuratojen suorittamista koko porukalla, silloin hauskuus ja positiiviset [&hellip;]","og_url":"https:\/\/valgerannaseikluspark.ee\/fi\/polttarit\/","og_site_name":"Valgeranna Seikluspark","article_publisher":"https:\/\/www.facebook.com\/valgerannaseikluspark","article_modified_time":"2023-03-01T10:02:30+00:00","og_image":[{"url":"https:\/\/valgerannaseikluspark.ee\/wp-content\/uploads\/2022\/10\/109535218_4717244501634916_3789309409541032182_n-copy.jpeg","type":"","width":"","height":""}],"twitter_card":"summary_large_image","schema":{"@context":"https:\/\/schema.org","@graph":[{"@type":"WebPage","@id":"https:\/\/valgerannaseikluspark.ee\/fi\/polttarit\/","url":"https:\/\/valgerannaseikluspark.ee\/fi\/polttarit\/","name":"Polttarit - Valgeranna Seikluspark","isPartOf":{"@id":"https:\/\/valgerannaseikluspark.ee\/fi\/#website"},"primaryImageOfPage":{"@id":"https:\/\/valgerannaseikluspark.ee\/fi\/polttarit\/#primaryimage"},"image":{"@id":"https:\/\/valgerannaseikluspark.ee\/fi\/polttarit\/#primaryimage"},"thumbnailUrl":"https:\/\/valgerannaseikluspark.ee\/wp-content\/uploads\/2022\/10\/109535218_4717244501634916_3789309409541032182_n-copy.jpeg","datePublished":"2022-10-04T10:20:43+00:00","dateModified":"2023-03-01T10:02:30+00:00","breadcrumb":{"@id":"https:\/\/valgerannaseikluspark.ee\/fi\/polttarit\/#breadcrumb"},"inLanguage":"fi","potentialAction":[{"@type":"ReadAction","target":["https:\/\/valgerannaseikluspark.ee\/fi\/polttarit\/"]}]},{"@type":"ImageObject","inLanguage":"fi","@id":"https:\/\/valgerannaseikluspark.ee\/fi\/polttarit\/#primaryimage","url":"https:\/\/valgerannaseikluspark.ee\/wp-content\/uploads\/2022\/10\/109535218_4717244501634916_3789309409541032182_n-copy.jpeg","contentUrl":"https:\/\/valgerannaseikluspark.ee\/wp-content\/uploads\/2022\/10\/109535218_4717244501634916_3789309409541032182_n-copy.jpeg"},{"@type":"BreadcrumbList","@id":"https:\/\/valgerannaseikluspark.ee\/fi\/polttarit\/#breadcrumb","itemListElement":[{"@type":"ListItem","position":1,"name":"Home","item":"https:\/\/valgerannaseikluspark.ee\/fi\/"},{"@type":"ListItem","position":2,"name":"Polttarit"}]},{"@type":"WebSite","@id":"https:\/\/valgerannaseikluspark.ee\/fi\/#website","url":"https:\/\/valgerannaseikluspark.ee\/fi\/","name":"Valgeranna Seikluspark","description":"","publisher":{"@id":"https:\/\/valgerannaseikluspark.ee\/fi\/#organization"},"potentialAction":[{"@type":"SearchAction","target":{"@type":"EntryPoint","urlTemplate":"https:\/\/valgerannaseikluspark.ee\/fi\/?s={search_term_string}"},"query-input":{"@type":"PropertyValueSpecification","valueRequired":true,"valueName":"search_term_string"}}],"inLanguage":"fi"},{"@type":"Organization","@id":"https:\/\/valgerannaseikluspark.ee\/fi\/#organization","name":"Valgeranna Seikluspark","url":"https:\/\/valgerannaseikluspark.ee\/fi\/","logo":{"@type":"ImageObject","inLanguage":"fi","@id":"https:\/\/valgerannaseikluspark.ee\/fi\/#\/schema\/logo\/image\/","url":"https:\/\/valgerannaseikluspark.ee\/wp-content\/uploads\/2022\/11\/VSP_Logo_RGB-1.png","contentUrl":"https:\/\/valgerannaseikluspark.ee\/wp-content\/uploads\/2022\/11\/VSP_Logo_RGB-1.png","width":1600,"height":900,"caption":"Valgeranna Seikluspark"},"image":{"@id":"https:\/\/valgerannaseikluspark.ee\/fi\/#\/schema\/logo\/image\/"},"sameAs":["https:\/\/www.facebook.com\/valgerannaseikluspark"]}]}},"_links":{"self":[{"href":"https:\/\/valgerannaseikluspark.ee\/fi\/wp-json\/wp\/v2\/pages\/2592","targetHints":{"allow":["GET"]}}],"collection":[{"href":"https:\/\/valgerannaseikluspark.ee\/fi\/wp-json\/wp\/v2\/pages"}],"about":[{"href":"https:\/\/valgerannaseikluspark.ee\/fi\/wp-json\/wp\/v2\/types\/page"}],"author":[{"embeddable":true,"href":"https:\/\/valgerannaseikluspark.ee\/fi\/wp-json\/wp\/v2\/users\/1"}],"replies":[{"embeddable":true,"href":"https:\/\/valgerannaseikluspark.ee\/fi\/wp-json\/wp\/v2\/comments?post=2592"}],"version-history":[{"count":10,"href":"https:\/\/valgerannaseikluspark.ee\/fi\/wp-json\/wp\/v2\/pages\/2592\/revisions"}],"predecessor-version":[{"id":3977,"href":"https:\/\/valgerannaseikluspark.ee\/fi\/wp-json\/wp\/v2\/pages\/2592\/revisions\/3977"}],"wp:attachment":[{"href":"https:\/\/valgerannaseikluspark.ee\/fi\/wp-json\/wp\/v2\/media?parent=2592"}],"curies":[{"name":"wp","href":"https:\/\/api.w.org\/{rel}","templated":true}]}}