{"id":2586,"date":"2022-10-04T06:46:44","date_gmt":"2022-10-04T03:46:44","guid":{"rendered":"https:\/\/valgerannaseikluspark.ee\/klassireis\/"},"modified":"2023-03-01T12:00:26","modified_gmt":"2023-03-01T10:00:26","slug":"kouluille","status":"publish","type":"page","link":"https:\/\/valgerannaseikluspark.ee\/fi\/kouluille\/","title":{"rendered":"Kouluille"},"content":{"rendered":"\t\t<div data-elementor-type=\"wp-page\" data-elementor-id=\"2586\" class=\"elementor elementor-2586 elementor-1054\" data-elementor-post-type=\"page\">\n\t\t\t\t\t\t<section class=\"elementor-section elementor-top-section elementor-element elementor-element-c61b7e8 elementor-section-boxed elementor-section-height-default elementor-section-height-default\" data-id=\"c61b7e8\" data-element_type=\"section\" data-e-type=\"section\">\n\t\t\t\t\t\t<div class=\"elementor-container elementor-column-gap-default\">\n\t\t\t\t\t<div class=\"elementor-column elementor-col-100 elementor-top-column elementor-element elementor-element-90300c5\" data-id=\"90300c5\" data-element_type=\"column\" data-e-type=\"column\">\n\t\t\t<div class=\"elementor-widget-wrap elementor-element-populated\">\n\t\t\t\t\t\t<div class=\"elementor-element elementor-element-9edbc3a elementor-widget elementor-widget-heading\" data-id=\"9edbc3a\" data-element_type=\"widget\" data-e-type=\"widget\" data-widget_type=\"heading.default\">\n\t\t\t\t<div class=\"elementor-widget-container\">\n\t\t\t\t\t<h3 class=\"elementor-heading-title elementor-size-default\">Seikkailu Valgerannan seikkailupuistossa tuo pilkkeen koululapsien silm\u00e4kulmiin ja my\u00f6t\u00e4vaikuttaa oppimisiloon.<\/h3>\t\t\t\t<\/div>\n\t\t\t\t<\/div>\n\t\t\t\t\t<\/div>\n\t\t<\/div>\n\t\t\t\t\t<\/div>\n\t\t<\/section>\n\t\t\t\t<section class=\"elementor-section elementor-top-section elementor-element elementor-element-1121c61 elementor-section-boxed elementor-section-height-default elementor-section-height-default\" data-id=\"1121c61\" data-element_type=\"section\" data-e-type=\"section\">\n\t\t\t\t\t\t<div class=\"elementor-container elementor-column-gap-default\">\n\t\t\t\t\t<div class=\"elementor-column elementor-col-50 elementor-top-column elementor-element elementor-element-12acb12\" data-id=\"12acb12\" data-element_type=\"column\" data-e-type=\"column\">\n\t\t\t<div class=\"elementor-widget-wrap elementor-element-populated\">\n\t\t\t\t\t\t<div class=\"elementor-element elementor-element-83fd28c elementor-widget elementor-widget-title_with_shadow\" data-id=\"83fd28c\" data-element_type=\"widget\" data-e-type=\"widget\" data-widget_type=\"title_with_shadow.default\">\n\t\t\t\t<div class=\"elementor-widget-container\">\n\t\t\t\t\t<h2 class=\"title-shadow\" style=\"text-align:left\">T\u00e4rke\u00e4\u00e4<\/h2>\t\t\t\t<\/div>\n\t\t\t\t<\/div>\n\t\t\t\t<div class=\"elementor-element elementor-element-e3cfd30 elementor-widget elementor-widget-text-editor\" data-id=\"e3cfd30\" data-element_type=\"widget\" data-e-type=\"widget\" data-widget_type=\"text-editor.default\">\n\t\t\t\t<div class=\"elementor-widget-container\">\n\t\t\t\t\t\t\t\t\t<ul><li>Hind<strong>\u00a014\u20ac\/\u00f5pilane<\/strong>\u00a0(rajad 1-6).<\/li><li>Hind<strong>\u00a012\u20ac\/\u00f5pilane<\/strong>\u00a0(rajad 1-3).<\/li><li>Grupp alates 10 \u00f5pilasest.<\/li><li>Varikatusega piknikuplats erihinnaga 5\u20ac\/h. V\u00f5imalus koha peale tellida toitlustus.<\/li><li>Aardejaht\u00a0rajapiletiga 3\u20ac\/\u00f5pilane.<\/li><li>Pakkumine kehtib<strong>\u00a0mais, juunis ja septembris 2022.<\/strong><strong><br \/><\/strong><\/li><li>Pakkumine kehtib, kui k\u00fclastus toimub klassireisi raames.<\/li><li>Seiklusrajad, aardejahi ning piknikuplatsi palume eelnevalt broneerida.<\/li><\/ul>\t\t\t\t\t\t\t\t<\/div>\n\t\t\t\t<\/div>\n\t\t\t\t\t<\/div>\n\t\t<\/div>\n\t\t\t\t<div class=\"elementor-column elementor-col-50 elementor-top-column elementor-element elementor-element-3a55a4e\" data-id=\"3a55a4e\" data-element_type=\"column\" data-e-type=\"column\">\n\t\t\t<div class=\"elementor-widget-wrap elementor-element-populated\">\n\t\t\t\t\t\t<div class=\"elementor-element elementor-element-3dff2cb elementor-widget elementor-widget-masked_image_with_back\" data-id=\"3dff2cb\" data-element_type=\"widget\" data-e-type=\"widget\" data-widget_type=\"masked_image_with_back.default\">\n\t\t\t\t<div class=\"elementor-widget-container\">\n\t\t\t\t\t<div class=\"mask\"><span class=\"mask-inner\"><img decoding=\"async\" class=\"mask-image\" src=\"https:\/\/valgerannaseikluspark.ee\/wp-content\/uploads\/2022\/10\/IMG_1584.jpg\" alt=\"\"><img decoding=\"async\" class=\"mask-image-back\" src=\"https:\/\/valgerannaseikluspark.ee\/wp-content\/plugins\/elementor-nxt\/vs_ring.svg\" alt=\"\"><\/span><\/div>\t\t\t\t<\/div>\n\t\t\t\t<\/div>\n\t\t\t\t\t<\/div>\n\t\t<\/div>\n\t\t\t\t\t<\/div>\n\t\t<\/section>\n\t\t\t\t<section class=\"elementor-section elementor-top-section elementor-element elementor-element-af58336 elementor-section-boxed elementor-section-height-default elementor-section-height-default\" data-id=\"af58336\" data-element_type=\"section\" data-e-type=\"section\">\n\t\t\t\t\t\t<div class=\"elementor-container elementor-column-gap-default\">\n\t\t\t\t\t<div class=\"elementor-column elementor-col-100 elementor-top-column elementor-element elementor-element-83dd1b4\" data-id=\"83dd1b4\" data-element_type=\"column\" data-e-type=\"column\">\n\t\t\t<div class=\"elementor-widget-wrap elementor-element-populated\">\n\t\t\t\t\t\t<div class=\"elementor-element elementor-element-8ec828e elementor-widget elementor-widget-text-editor\" data-id=\"8ec828e\" data-element_type=\"widget\" data-e-type=\"widget\" data-widget_type=\"text-editor.default\">\n\t\t\t\t<div class=\"elementor-widget-container\">\n\t\t\t\t\t\t\t\t\t<ul><li>Esmalt viime l\u00e4bi ohutusinstruktaa\u017ei. Seej\u00e4rel l\u00e4bivad k\u00f5ik lapsed \u00f5pperaja.<\/li><li><strong>\u00d5pperajal j\u00e4lgib instruktor k\u00f5iki seiklejaid<\/strong>, veendumaks, et lapsed oskavad oma turvavarustust kasutada ja on ohutusreeglitest aru saanud.<\/li><li>Kui \u00f5pperada reeglitep\u00e4raselt l\u00e4bitud, v\u00f5ib seiklus alata! Instruktor lastega rajale kaasa ei l\u00e4he, kuid j\u00e4lgib neid radade alt ning vajadusel aitab.<\/li><li>\u00d5petaja ei pea puu otsa minema, aga koos on kindlasti l\u00f5busam.<\/li><\/ul>\t\t\t\t\t\t\t\t<\/div>\n\t\t\t\t<\/div>\n\t\t\t\t\t<\/div>\n\t\t<\/div>\n\t\t\t\t\t<\/div>\n\t\t<\/section>\n\t\t\t\t<section class=\"elementor-section elementor-top-section elementor-element elementor-element-b6b12cc elementor-section-stretched elementor-section-boxed elementor-section-height-default elementor-section-height-default\" data-id=\"b6b12cc\" data-element_type=\"section\" data-e-type=\"section\" data-settings=\"{&quot;stretch_section&quot;:&quot;section-stretched&quot;}\">\n\t\t\t\t\t\t<div class=\"elementor-container elementor-column-gap-default\">\n\t\t\t\t\t<div class=\"elementor-column elementor-col-50 elementor-top-column elementor-element elementor-element-121cf2b\" data-id=\"121cf2b\" data-element_type=\"column\" data-e-type=\"column\">\n\t\t\t<div class=\"elementor-widget-wrap elementor-element-populated\">\n\t\t\t\t\t\t<div class=\"elementor-element elementor-element-865bef0 elementor-widget elementor-widget-title_with_shadow\" data-id=\"865bef0\" data-element_type=\"widget\" data-e-type=\"widget\" data-widget_type=\"title_with_shadow.default\">\n\t\t\t\t<div class=\"elementor-widget-container\">\n\t\t\t\t\t<h2 class=\"title-shadow\" style=\"text-align:center\">Lisainfo<\/h2>\t\t\t\t<\/div>\n\t\t\t\t<\/div>\n\t\t\t\t<div class=\"elementor-element elementor-element-a815073 elementor-widget elementor-widget-text-editor\" data-id=\"a815073\" data-element_type=\"widget\" data-e-type=\"widget\" data-widget_type=\"text-editor.default\">\n\t\t\t\t<div class=\"elementor-widget-container\">\n\t\t\t\t\t\t\t\t\t<p>Alla 14-aastased p\u00e4\u00e4sevad rajale \u00fcksnes t\u00e4isealise isiku kirjalikul n\u00f5usolekul. T\u00e4iskasvanu ei pea kaasas olema. Laps v\u00f5ib ronima tulles esitada vanema poolt eelnevalt t\u00e4idetud ja allkirjastatud lepingu. Kes on vanem kui 14, saab kirjaliku n\u00f5usoleku ise t\u00e4ita.<br><\/p>\t\t\t\t\t\t\t\t<\/div>\n\t\t\t\t<\/div>\n\t\t\t\t\t<\/div>\n\t\t<\/div>\n\t\t\t\t<div class=\"elementor-column elementor-col-50 elementor-top-column elementor-element elementor-element-7565739\" data-id=\"7565739\" data-element_type=\"column\" data-e-type=\"column\">\n\t\t\t<div class=\"elementor-widget-wrap elementor-element-populated\">\n\t\t\t\t\t\t<div class=\"elementor-element elementor-element-5cc2500 elementor-widget elementor-widget-title_with_shadow\" data-id=\"5cc2500\" data-element_type=\"widget\" data-e-type=\"widget\" data-widget_type=\"title_with_shadow.default\">\n\t\t\t\t<div class=\"elementor-widget-container\">\n\t\t\t\t\t<h2 class=\"title-shadow\" style=\"text-align:center\">Rajainfo<\/h2>\t\t\t\t<\/div>\n\t\t\t\t<\/div>\n\t\t\t\t<div class=\"elementor-element elementor-element-3f4c159 elementor-widget elementor-widget-text-editor\" data-id=\"3f4c159\" data-element_type=\"widget\" data-e-type=\"widget\" data-widget_type=\"text-editor.default\">\n\t\t\t\t<div class=\"elementor-widget-container\">\n\t\t\t\t\t\t\t\t\t<p>Valgeranna\u00a0 Seikluspargis on 6 erineva k\u00f5rguse ja raskusega rada, mille l\u00e4bimiseks kulub ca 3 tundi. Algklassi\u00f5pilastel soovitame valida lihtsamad rajad ehk 1-3, mille l\u00e4bimiseks kulub ca 1,5 tundi.<\/p>\t\t\t\t\t\t\t\t<\/div>\n\t\t\t\t<\/div>\n\t\t\t\t\t<\/div>\n\t\t<\/div>\n\t\t\t\t\t<\/div>\n\t\t<\/section>\n\t\t\t\t<section class=\"elementor-section elementor-top-section elementor-element elementor-element-2d0bc46d elementor-section-boxed elementor-section-height-default elementor-section-height-default\" data-id=\"2d0bc46d\" data-element_type=\"section\" data-e-type=\"section\">\n\t\t\t\t\t\t<div class=\"elementor-container elementor-column-gap-default\">\n\t\t\t\t\t<div class=\"elementor-column elementor-col-50 elementor-top-column elementor-element elementor-element-6b278c9b\" data-id=\"6b278c9b\" data-element_type=\"column\" data-e-type=\"column\">\n\t\t\t<div class=\"elementor-widget-wrap elementor-element-populated\">\n\t\t\t\t\t\t<div class=\"elementor-element elementor-element-eb83452 elementor-widget elementor-widget-title_with_shadow\" data-id=\"eb83452\" data-element_type=\"widget\" data-e-type=\"widget\" data-widget_type=\"title_with_shadow.default\">\n\t\t\t\t<div class=\"elementor-widget-container\">\n\t\t\t\t\t<h2 class=\"title-shadow\" style=\"text-align:left\">Ohutus<\/h2>\t\t\t\t<\/div>\n\t\t\t\t<\/div>\n\t\t\t\t<div class=\"elementor-element elementor-element-4f93b40a elementor-widget elementor-widget-text-editor\" data-id=\"4f93b40a\" data-element_type=\"widget\" data-e-type=\"widget\" data-widget_type=\"text-editor.default\">\n\t\t\t\t<div class=\"elementor-widget-container\">\n\t\t\t\t\t\t\t\t\t<ul><li>Esmalt viime l\u00e4bi ohutusinstruktaa\u017ei. Seej\u00e4rel l\u00e4bivad k\u00f5ik lapsed \u00f5pperaja.<\/li><li><strong>\u00d5pperajal j\u00e4lgib instruktor k\u00f5iki seiklejaid<\/strong>, veendumaks, et lapsed oskavad oma turvavarustust kasutada ja on ohutusreeglitest aru saanud.<\/li><li>Kui \u00f5pperada reeglitep\u00e4raselt l\u00e4bitud, v\u00f5ib seiklus alata! Instruktor lastega rajale kaasa ei l\u00e4he, kuid j\u00e4lgib neid radade alt ning vajadusel aitab.<\/li><li>\u00d5petaja ei pea puu otsa minema, aga koos on kindlasti l\u00f5busam.<\/li><\/ul>\t\t\t\t\t\t\t\t<\/div>\n\t\t\t\t<\/div>\n\t\t\t\t\t<\/div>\n\t\t<\/div>\n\t\t\t\t<div class=\"elementor-column elementor-col-50 elementor-top-column elementor-element elementor-element-734374f\" data-id=\"734374f\" data-element_type=\"column\" data-e-type=\"column\">\n\t\t\t<div class=\"elementor-widget-wrap elementor-element-populated\">\n\t\t\t\t\t\t<div class=\"elementor-element elementor-element-0af26ab elementor-widget elementor-widget-masked_image_with_back\" data-id=\"0af26ab\" data-element_type=\"widget\" data-e-type=\"widget\" data-widget_type=\"masked_image_with_back.default\">\n\t\t\t\t<div class=\"elementor-widget-container\">\n\t\t\t\t\t<div class=\"mask\"><span class=\"mask-inner\"><img decoding=\"async\" class=\"mask-image\" src=\"https:\/\/valgerannaseikluspark.ee\/wp-content\/uploads\/2022\/10\/IMG_1700-2.jpg\" alt=\"\"><img decoding=\"async\" class=\"mask-image-back\" src=\"https:\/\/valgerannaseikluspark.ee\/wp-content\/plugins\/elementor-nxt\/vs_ring.svg\" alt=\"\"><\/span><\/div>\t\t\t\t<\/div>\n\t\t\t\t<\/div>\n\t\t\t\t\t<\/div>\n\t\t<\/div>\n\t\t\t\t\t<\/div>\n\t\t<\/section>\n\t\t\t\t<\/div>\n\t\t","protected":false},"excerpt":{"rendered":"<p>Seikkailu Valgerannan seikkailupuistossa tuo pilkkeen koululapsien silm\u00e4kulmiin ja my\u00f6t\u00e4vaikuttaa oppimisiloon. T\u00e4rke\u00e4\u00e4 Hind\u00a014\u20ac\/\u00f5pilane\u00a0(rajad 1-6). Hind\u00a012\u20ac\/\u00f5pilane\u00a0(rajad 1-3). Grupp alates 10 \u00f5pilasest. Varikatusega piknikuplats erihinnaga 5\u20ac\/h. V\u00f5imalus koha peale tellida toitlustus. Aardejaht\u00a0rajapiletiga 3\u20ac\/\u00f5pilane. [&hellip;]<\/p>\n","protected":false},"author":1,"featured_media":11534,"parent":0,"menu_order":74,"comment_status":"closed","ping_status":"closed","template":"","meta":{"footnotes":""},"class_list":["post-2586","page","type-page","status-publish","has-post-thumbnail","hentry"],"yoast_head":"<!-- This site is optimized with the Yoast SEO plugin v26.9 - https:\/\/yoast.com\/product\/yoast-seo-wordpress\/ -->\n<title>Kouluille - Valgeranna Seikluspark<\/title>\n<meta name=\"robots\" content=\"index, follow, max-snippet:-1, max-image-preview:large, max-video-preview:-1\" \/>\n<link rel=\"canonical\" href=\"https:\/\/valgerannaseikluspark.ee\/fi\/kouluille\/\" \/>\n<meta property=\"og:locale\" content=\"fi_FI\" \/>\n<meta property=\"og:type\" content=\"article\" \/>\n<meta property=\"og:title\" content=\"Kouluille - Valgeranna Seikluspark\" \/>\n<meta property=\"og:description\" content=\"Seikkailu Valgerannan seikkailupuistossa tuo pilkkeen koululapsien silm\u00e4kulmiin ja my\u00f6t\u00e4vaikuttaa oppimisiloon. T\u00e4rke\u00e4\u00e4 Hind\u00a014\u20ac\/\u00f5pilane\u00a0(rajad 1-6). Hind\u00a012\u20ac\/\u00f5pilane\u00a0(rajad 1-3). Grupp alates 10 \u00f5pilasest. Varikatusega piknikuplats erihinnaga 5\u20ac\/h. V\u00f5imalus koha peale tellida toitlustus. Aardejaht\u00a0rajapiletiga 3\u20ac\/\u00f5pilane. [&hellip;]\" \/>\n<meta property=\"og:url\" content=\"https:\/\/valgerannaseikluspark.ee\/fi\/kouluille\/\" \/>\n<meta property=\"og:site_name\" content=\"Valgeranna Seikluspark\" \/>\n<meta property=\"article:publisher\" content=\"https:\/\/www.facebook.com\/valgerannaseikluspark\" \/>\n<meta property=\"article:modified_time\" content=\"2023-03-01T10:00:26+00:00\" \/>\n<meta property=\"og:image\" content=\"https:\/\/valgerannaseikluspark.ee\/wp-content\/uploads\/2022\/10\/IMG_0397-scaled.jpg\" \/>\n\t<meta property=\"og:image:width\" content=\"2560\" \/>\n\t<meta property=\"og:image:height\" content=\"1707\" \/>\n\t<meta property=\"og:image:type\" content=\"image\/jpeg\" \/>\n<meta name=\"twitter:card\" content=\"summary_large_image\" \/>\n<meta name=\"twitter:label1\" content=\"Arvioitu lukuaika\" \/>\n\t<meta name=\"twitter:data1\" content=\"1 minuutti\" \/>\n<script type=\"application\/ld+json\" class=\"yoast-schema-graph\">{\"@context\":\"https:\/\/schema.org\",\"@graph\":[{\"@type\":\"WebPage\",\"@id\":\"https:\/\/valgerannaseikluspark.ee\/fi\/kouluille\/\",\"url\":\"https:\/\/valgerannaseikluspark.ee\/fi\/kouluille\/\",\"name\":\"Kouluille - Valgeranna Seikluspark\",\"isPartOf\":{\"@id\":\"https:\/\/valgerannaseikluspark.ee\/fi\/#website\"},\"primaryImageOfPage\":{\"@id\":\"https:\/\/valgerannaseikluspark.ee\/fi\/kouluille\/#primaryimage\"},\"image\":{\"@id\":\"https:\/\/valgerannaseikluspark.ee\/fi\/kouluille\/#primaryimage\"},\"thumbnailUrl\":\"https:\/\/valgerannaseikluspark.ee\/wp-content\/uploads\/2026\/02\/opilasreisid_klassireisid_Parnu_Valgeranna-Seikluspark-scaled.jpg\",\"datePublished\":\"2022-10-04T03:46:44+00:00\",\"dateModified\":\"2023-03-01T10:00:26+00:00\",\"breadcrumb\":{\"@id\":\"https:\/\/valgerannaseikluspark.ee\/fi\/kouluille\/#breadcrumb\"},\"inLanguage\":\"fi\",\"potentialAction\":[{\"@type\":\"ReadAction\",\"target\":[\"https:\/\/valgerannaseikluspark.ee\/fi\/kouluille\/\"]}]},{\"@type\":\"ImageObject\",\"inLanguage\":\"fi\",\"@id\":\"https:\/\/valgerannaseikluspark.ee\/fi\/kouluille\/#primaryimage\",\"url\":\"https:\/\/valgerannaseikluspark.ee\/wp-content\/uploads\/2026\/02\/opilasreisid_klassireisid_Parnu_Valgeranna-Seikluspark-scaled.jpg\",\"contentUrl\":\"https:\/\/valgerannaseikluspark.ee\/wp-content\/uploads\/2026\/02\/opilasreisid_klassireisid_Parnu_Valgeranna-Seikluspark-scaled.jpg\",\"width\":2560,\"height\":1707,\"caption\":\"\u00f5pilasreisid_klassireisid_P\u00e4rnu_Valgeranna Seikluspark\"},{\"@type\":\"BreadcrumbList\",\"@id\":\"https:\/\/valgerannaseikluspark.ee\/fi\/kouluille\/#breadcrumb\",\"itemListElement\":[{\"@type\":\"ListItem\",\"position\":1,\"name\":\"Home\",\"item\":\"https:\/\/valgerannaseikluspark.ee\/fi\/\"},{\"@type\":\"ListItem\",\"position\":2,\"name\":\"Kouluille\"}]},{\"@type\":\"WebSite\",\"@id\":\"https:\/\/valgerannaseikluspark.ee\/fi\/#website\",\"url\":\"https:\/\/valgerannaseikluspark.ee\/fi\/\",\"name\":\"Valgeranna Seikluspark\",\"description\":\"\",\"publisher\":{\"@id\":\"https:\/\/valgerannaseikluspark.ee\/fi\/#organization\"},\"potentialAction\":[{\"@type\":\"SearchAction\",\"target\":{\"@type\":\"EntryPoint\",\"urlTemplate\":\"https:\/\/valgerannaseikluspark.ee\/fi\/?s={search_term_string}\"},\"query-input\":{\"@type\":\"PropertyValueSpecification\",\"valueRequired\":true,\"valueName\":\"search_term_string\"}}],\"inLanguage\":\"fi\"},{\"@type\":\"Organization\",\"@id\":\"https:\/\/valgerannaseikluspark.ee\/fi\/#organization\",\"name\":\"Valgeranna Seikluspark\",\"url\":\"https:\/\/valgerannaseikluspark.ee\/fi\/\",\"logo\":{\"@type\":\"ImageObject\",\"inLanguage\":\"fi\",\"@id\":\"https:\/\/valgerannaseikluspark.ee\/fi\/#\/schema\/logo\/image\/\",\"url\":\"https:\/\/valgerannaseikluspark.ee\/wp-content\/uploads\/2022\/11\/VSP_Logo_RGB-1.png\",\"contentUrl\":\"https:\/\/valgerannaseikluspark.ee\/wp-content\/uploads\/2022\/11\/VSP_Logo_RGB-1.png\",\"width\":1600,\"height\":900,\"caption\":\"Valgeranna Seikluspark\"},\"image\":{\"@id\":\"https:\/\/valgerannaseikluspark.ee\/fi\/#\/schema\/logo\/image\/\"},\"sameAs\":[\"https:\/\/www.facebook.com\/valgerannaseikluspark\"]}]}<\/script>\n<!-- \/ Yoast SEO plugin. -->","yoast_head_json":{"title":"Kouluille - Valgeranna Seikluspark","robots":{"index":"index","follow":"follow","max-snippet":"max-snippet:-1","max-image-preview":"max-image-preview:large","max-video-preview":"max-video-preview:-1"},"canonical":"https:\/\/valgerannaseikluspark.ee\/fi\/kouluille\/","og_locale":"fi_FI","og_type":"article","og_title":"Kouluille - Valgeranna Seikluspark","og_description":"Seikkailu Valgerannan seikkailupuistossa tuo pilkkeen koululapsien silm\u00e4kulmiin ja my\u00f6t\u00e4vaikuttaa oppimisiloon. T\u00e4rke\u00e4\u00e4 Hind\u00a014\u20ac\/\u00f5pilane\u00a0(rajad 1-6). Hind\u00a012\u20ac\/\u00f5pilane\u00a0(rajad 1-3). Grupp alates 10 \u00f5pilasest. Varikatusega piknikuplats erihinnaga 5\u20ac\/h. V\u00f5imalus koha peale tellida toitlustus. Aardejaht\u00a0rajapiletiga 3\u20ac\/\u00f5pilane. [&hellip;]","og_url":"https:\/\/valgerannaseikluspark.ee\/fi\/kouluille\/","og_site_name":"Valgeranna Seikluspark","article_publisher":"https:\/\/www.facebook.com\/valgerannaseikluspark","article_modified_time":"2023-03-01T10:00:26+00:00","og_image":[{"width":2560,"height":1707,"url":"https:\/\/valgerannaseikluspark.ee\/wp-content\/uploads\/2022\/10\/IMG_0397-scaled.jpg","type":"image\/jpeg"}],"twitter_card":"summary_large_image","twitter_misc":{"Arvioitu lukuaika":"1 minuutti"},"schema":{"@context":"https:\/\/schema.org","@graph":[{"@type":"WebPage","@id":"https:\/\/valgerannaseikluspark.ee\/fi\/kouluille\/","url":"https:\/\/valgerannaseikluspark.ee\/fi\/kouluille\/","name":"Kouluille - Valgeranna Seikluspark","isPartOf":{"@id":"https:\/\/valgerannaseikluspark.ee\/fi\/#website"},"primaryImageOfPage":{"@id":"https:\/\/valgerannaseikluspark.ee\/fi\/kouluille\/#primaryimage"},"image":{"@id":"https:\/\/valgerannaseikluspark.ee\/fi\/kouluille\/#primaryimage"},"thumbnailUrl":"https:\/\/valgerannaseikluspark.ee\/wp-content\/uploads\/2026\/02\/opilasreisid_klassireisid_Parnu_Valgeranna-Seikluspark-scaled.jpg","datePublished":"2022-10-04T03:46:44+00:00","dateModified":"2023-03-01T10:00:26+00:00","breadcrumb":{"@id":"https:\/\/valgerannaseikluspark.ee\/fi\/kouluille\/#breadcrumb"},"inLanguage":"fi","potentialAction":[{"@type":"ReadAction","target":["https:\/\/valgerannaseikluspark.ee\/fi\/kouluille\/"]}]},{"@type":"ImageObject","inLanguage":"fi","@id":"https:\/\/valgerannaseikluspark.ee\/fi\/kouluille\/#primaryimage","url":"https:\/\/valgerannaseikluspark.ee\/wp-content\/uploads\/2026\/02\/opilasreisid_klassireisid_Parnu_Valgeranna-Seikluspark-scaled.jpg","contentUrl":"https:\/\/valgerannaseikluspark.ee\/wp-content\/uploads\/2026\/02\/opilasreisid_klassireisid_Parnu_Valgeranna-Seikluspark-scaled.jpg","width":2560,"height":1707,"caption":"\u00f5pilasreisid_klassireisid_P\u00e4rnu_Valgeranna Seikluspark"},{"@type":"BreadcrumbList","@id":"https:\/\/valgerannaseikluspark.ee\/fi\/kouluille\/#breadcrumb","itemListElement":[{"@type":"ListItem","position":1,"name":"Home","item":"https:\/\/valgerannaseikluspark.ee\/fi\/"},{"@type":"ListItem","position":2,"name":"Kouluille"}]},{"@type":"WebSite","@id":"https:\/\/valgerannaseikluspark.ee\/fi\/#website","url":"https:\/\/valgerannaseikluspark.ee\/fi\/","name":"Valgeranna Seikluspark","description":"","publisher":{"@id":"https:\/\/valgerannaseikluspark.ee\/fi\/#organization"},"potentialAction":[{"@type":"SearchAction","target":{"@type":"EntryPoint","urlTemplate":"https:\/\/valgerannaseikluspark.ee\/fi\/?s={search_term_string}"},"query-input":{"@type":"PropertyValueSpecification","valueRequired":true,"valueName":"search_term_string"}}],"inLanguage":"fi"},{"@type":"Organization","@id":"https:\/\/valgerannaseikluspark.ee\/fi\/#organization","name":"Valgeranna Seikluspark","url":"https:\/\/valgerannaseikluspark.ee\/fi\/","logo":{"@type":"ImageObject","inLanguage":"fi","@id":"https:\/\/valgerannaseikluspark.ee\/fi\/#\/schema\/logo\/image\/","url":"https:\/\/valgerannaseikluspark.ee\/wp-content\/uploads\/2022\/11\/VSP_Logo_RGB-1.png","contentUrl":"https:\/\/valgerannaseikluspark.ee\/wp-content\/uploads\/2022\/11\/VSP_Logo_RGB-1.png","width":1600,"height":900,"caption":"Valgeranna Seikluspark"},"image":{"@id":"https:\/\/valgerannaseikluspark.ee\/fi\/#\/schema\/logo\/image\/"},"sameAs":["https:\/\/www.facebook.com\/valgerannaseikluspark"]}]}},"_links":{"self":[{"href":"https:\/\/valgerannaseikluspark.ee\/fi\/wp-json\/wp\/v2\/pages\/2586","targetHints":{"allow":["GET"]}}],"collection":[{"href":"https:\/\/valgerannaseikluspark.ee\/fi\/wp-json\/wp\/v2\/pages"}],"about":[{"href":"https:\/\/valgerannaseikluspark.ee\/fi\/wp-json\/wp\/v2\/types\/page"}],"author":[{"embeddable":true,"href":"https:\/\/valgerannaseikluspark.ee\/fi\/wp-json\/wp\/v2\/users\/1"}],"replies":[{"embeddable":true,"href":"https:\/\/valgerannaseikluspark.ee\/fi\/wp-json\/wp\/v2\/comments?post=2586"}],"version-history":[{"count":13,"href":"https:\/\/valgerannaseikluspark.ee\/fi\/wp-json\/wp\/v2\/pages\/2586\/revisions"}],"predecessor-version":[{"id":3974,"href":"https:\/\/valgerannaseikluspark.ee\/fi\/wp-json\/wp\/v2\/pages\/2586\/revisions\/3974"}],"wp:featuredmedia":[{"embeddable":true,"href":"https:\/\/valgerannaseikluspark.ee\/fi\/wp-json\/wp\/v2\/media\/11534"}],"wp:attachment":[{"href":"https:\/\/valgerannaseikluspark.ee\/fi\/wp-json\/wp\/v2\/media?parent=2586"}],"curies":[{"name":"wp","href":"https:\/\/api.w.org\/{rel}","templated":true}]}}