{"id":2574,"date":"2022-10-05T06:09:50","date_gmt":"2022-10-05T03:09:50","guid":{"rendered":"https:\/\/valgerannaseikluspark.ee\/birthday\/"},"modified":"2023-03-01T11:58:10","modified_gmt":"2023-03-01T09:58:10","slug":"syntymapaivat","status":"publish","type":"page","link":"https:\/\/valgerannaseikluspark.ee\/fi\/syntymapaivat\/","title":{"rendered":"Lasten syntym\u00e4p\u00e4iv\u00e4t"},"content":{"rendered":"\t\t<div data-elementor-type=\"wp-page\" data-elementor-id=\"2574\" class=\"elementor elementor-2574 elementor-1147\" data-elementor-post-type=\"page\">\n\t\t\t\t\t\t<section class=\"elementor-section elementor-top-section elementor-element elementor-element-1ff84bd elementor-section-boxed elementor-section-height-default elementor-section-height-default\" data-id=\"1ff84bd\" data-element_type=\"section\" data-e-type=\"section\">\n\t\t\t\t\t\t<div class=\"elementor-container elementor-column-gap-default\">\n\t\t\t\t\t<div class=\"elementor-column elementor-col-100 elementor-top-column elementor-element elementor-element-b15891a\" data-id=\"b15891a\" data-element_type=\"column\" data-e-type=\"column\">\n\t\t\t<div class=\"elementor-widget-wrap elementor-element-populated\">\n\t\t\t\t\t\t<div class=\"elementor-element elementor-element-70728cb elementor-widget elementor-widget-heading\" data-id=\"70728cb\" data-element_type=\"widget\" data-e-type=\"widget\" data-widget_type=\"heading.default\">\n\t\t\t\t<div class=\"elementor-widget-container\">\n\t\t\t\t\t<h3 class=\"elementor-heading-title elementor-size-default\">Lapset rakastavat seikkailuja, kuten my\u00f6s me! Seikkailupuistossa vietetyt syntym\u00e4p\u00e4iv\u00e4juhlat j\u00e4\u00e4v\u00e4t syntym\u00e4p\u00e4iv\u00e4sankarin sek\u00e4 vieraiden mieleen viel\u00e4 pitk\u00e4ksi ajaksi.<\/h3>\t\t\t\t<\/div>\n\t\t\t\t<\/div>\n\t\t\t\t\t<\/div>\n\t\t<\/div>\n\t\t\t\t\t<\/div>\n\t\t<\/section>\n\t\t\t\t<section class=\"elementor-section elementor-top-section elementor-element elementor-element-57123c2 elementor-section-boxed elementor-section-height-default elementor-section-height-default\" data-id=\"57123c2\" data-element_type=\"section\" data-e-type=\"section\">\n\t\t\t\t\t\t<div class=\"elementor-container elementor-column-gap-default\">\n\t\t\t\t\t<div class=\"elementor-column elementor-col-66 elementor-top-column elementor-element elementor-element-5c18bb6\" data-id=\"5c18bb6\" data-element_type=\"column\" data-e-type=\"column\">\n\t\t\t<div class=\"elementor-widget-wrap elementor-element-populated\">\n\t\t\t\t\t\t<div class=\"elementor-element elementor-element-31b4561 elementor-widget elementor-widget-text-editor\" data-id=\"31b4561\" data-element_type=\"widget\" data-e-type=\"widget\" data-widget_type=\"text-editor.default\">\n\t\t\t\t<div class=\"elementor-widget-container\">\n\t\t\t\t\t\t\t\t\t<p><b>Kuka saa kiivet\u00e4 ja mihin?\u00a0<\/b><\/p><p>Valgerannan seikkailupuistossa on yhteens\u00e4 <b>6 j\u00e4nnitt\u00e4v\u00e4\u00e4 seikkailurataa.\u00a0<\/b><span style=\"color: var( --e-global-color-text ); font-family: var( --e-global-typography-text-font-family ), Sans-serif;\">Jokainen rata nousee korkeammalle ja sis\u00e4lt\u00e4\u00e4 erin\u00e4isin vaikeusastein varustettuja esteit\u00e4.<\/span><span style=\"color: var( --e-global-color-text ); font-family: var( --e-global-typography-text-font-family ), Sans-serif;\">Lasten seikkailurata tarjoaa j\u00e4nnityst\u00e4 naperoille joiden pituus ei viel\u00e4 ylit\u00e4 115 cm.\u00a0<\/span><span style=\"color: var( --e-global-color-text ); font-family: var( --e-global-typography-text-font-family ), Sans-serif;\">Radat ovat sopivia 2-7 \u2013vuotiaille ja heit\u00e4 odottavat matalat riippusillat, keinut sek\u00e4 vaijeriliu\u2019ut. Aikuinen voi k\u00e4vell\u00e4 ja avustaa lasta radan varrella.<\/span><\/p><ul><li><b>Lastenpuisto <\/b>on alle 115 cm pitk\u00e4lle pienelle, k\u00e4velykykyiselle lapselle.\u00a0Pikkulapsia varten meill\u00e4 on erillinen <b>kaksiraiteinen<\/b> seikkailupuisto. Aikuinen voi k\u00e4vell\u00e4 lapsen mukana ja auttaa h\u00e4nt\u00e4 tarvittaessa.<\/li><li><b>Lapset<\/b>\u00a0(pituus 115\u2013140 cm) voivat suorittaa <b>3 ensimm\u00e4ist\u00e4<\/b> seikkailurataa.<\/li><li><b>Nuoret<\/b>\u00a0ovat alle 18-vuotiaita ja yli 140 cm pitki\u00e4. Nuori saa suorittaa <b>kaikki 6<\/b>\u00a0seikkailurattaa.<\/li><\/ul><p>Lis\u00e4tietoja seikkailuradoista l\u00f6yd\u00e4t kotisivuiltamme.<\/p>\t\t\t\t\t\t\t\t<\/div>\n\t\t\t\t<\/div>\n\t\t\t\t\t<\/div>\n\t\t<\/div>\n\t\t\t\t<div class=\"elementor-column elementor-col-33 elementor-top-column elementor-element elementor-element-b68cf75\" data-id=\"b68cf75\" data-element_type=\"column\" data-e-type=\"column\">\n\t\t\t<div class=\"elementor-widget-wrap elementor-element-populated\">\n\t\t\t\t\t\t<div class=\"elementor-element elementor-element-2330d6c elementor-widget elementor-widget-masked_image_with_back\" data-id=\"2330d6c\" data-element_type=\"widget\" data-e-type=\"widget\" data-widget_type=\"masked_image_with_back.default\">\n\t\t\t\t<div class=\"elementor-widget-container\">\n\t\t\t\t\t<div class=\"mask\"><span class=\"mask-inner\"><img decoding=\"async\" class=\"mask-image\" src=\"https:\/\/valgerannaseikluspark.ee\/wp-content\/uploads\/2022\/10\/4.jpg\" alt=\"\"><img decoding=\"async\" class=\"mask-image-back\" src=\"https:\/\/valgerannaseikluspark.ee\/wp-content\/plugins\/elementor-nxt\/vs_ring.svg\" alt=\"\"><\/span><\/div>\t\t\t\t<\/div>\n\t\t\t\t<\/div>\n\t\t\t\t\t<\/div>\n\t\t<\/div>\n\t\t\t\t\t<\/div>\n\t\t<\/section>\n\t\t\t\t<section class=\"elementor-section elementor-top-section elementor-element elementor-element-2c18c2b elementor-section-boxed elementor-section-height-default elementor-section-height-default\" data-id=\"2c18c2b\" data-element_type=\"section\" data-e-type=\"section\">\n\t\t\t\t\t\t<div class=\"elementor-container elementor-column-gap-default\">\n\t\t\t\t\t<div class=\"elementor-column elementor-col-100 elementor-top-column elementor-element elementor-element-34191ae\" data-id=\"34191ae\" data-element_type=\"column\" data-e-type=\"column\">\n\t\t\t<div class=\"elementor-widget-wrap elementor-element-populated\">\n\t\t\t\t\t\t<div class=\"elementor-element elementor-element-b2f2437 elementor-widget elementor-widget-heading\" data-id=\"b2f2437\" data-element_type=\"widget\" data-e-type=\"widget\" data-widget_type=\"heading.default\">\n\t\t\t\t<div class=\"elementor-widget-container\">\n\t\t\t\t\t<h3 class=\"elementor-heading-title elementor-size-default\">Kuinka kauan kiipeily kest\u00e4\u00e4?<\/h3>\t\t\t\t<\/div>\n\t\t\t\t<\/div>\n\t\t\t\t<div class=\"elementor-element elementor-element-b575e5d elementor-widget elementor-widget-text-editor\" data-id=\"b575e5d\" data-element_type=\"widget\" data-e-type=\"widget\" data-widget_type=\"text-editor.default\">\n\t\t\t\t<div class=\"elementor-widget-container\">\n\t\t\t\t\t\t\t\t\t<p>Kolmen ensimm\u00e4isen radan l\u00e4p\u00e4isy kest\u00e4\u00e4 noin 1 tunnin, ja kaikkien 6 radan l\u00e4p\u00e4isy kest\u00e4\u00e4 n. 3 tuntia. Sis\u00e4\u00e4np\u00e4\u00e4symaksu oikeuttaa suorittamaan kaikki radat kerran alusta loppuun.\u00a0<\/p><p><b>T\u00c4RKE\u00c4\u00c4!<\/b>\u00a0<\/p><p>Mik\u00e4li olette varanneet ajan, pit\u00e4k\u00e4\u00e4 siit\u00e4 kiinni. Suosittelemme juhliin saapumista noin 15 minuuttia ennen varattua aikaa, jotta kaikille saadaan turvavarusteet p\u00e4\u00e4lle ennen turvaohjeistuksen alkua. Ryhm\u00e4n on yhdess\u00e4 kivempi aloittaa seikkailupuistossa kiipeily.<\/p>\t\t\t\t\t\t\t\t<\/div>\n\t\t\t\t<\/div>\n\t\t\t\t\t<\/div>\n\t\t<\/div>\n\t\t\t\t\t<\/div>\n\t\t<\/section>\n\t\t\t\t<section class=\"elementor-section elementor-top-section elementor-element elementor-element-87a619a elementor-section-boxed elementor-section-height-default elementor-section-height-default\" data-id=\"87a619a\" data-element_type=\"section\" data-e-type=\"section\">\n\t\t\t\t\t\t<div class=\"elementor-container elementor-column-gap-default\">\n\t\t\t\t\t<div class=\"elementor-column elementor-col-100 elementor-top-column elementor-element elementor-element-08a65e6\" data-id=\"08a65e6\" data-element_type=\"column\" data-e-type=\"column\">\n\t\t\t<div class=\"elementor-widget-wrap elementor-element-populated\">\n\t\t\t\t\t\t<div class=\"elementor-element elementor-element-635775d elementor-widget elementor-widget-heading\" data-id=\"635775d\" data-element_type=\"widget\" data-e-type=\"widget\" data-widget_type=\"heading.default\">\n\t\t\t\t<div class=\"elementor-widget-container\">\n\t\t\t\t\t<h3 class=\"elementor-heading-title elementor-size-default\">Miten kiivet\u00e4\u00e4n?<\/h3>\t\t\t\t<\/div>\n\t\t\t\t<\/div>\n\t\t\t\t<div class=\"elementor-element elementor-element-ec4a370 elementor-widget elementor-widget-text-editor\" data-id=\"ec4a370\" data-element_type=\"widget\" data-e-type=\"widget\" data-widget_type=\"text-editor.default\">\n\t\t\t\t<div class=\"elementor-widget-container\">\n\t\t\t\t\t\t\t\t\t<ul><li>Aloitamme yhdess\u00e4 perusteellisella opastuksella.<\/li><li>Ensimm\u00e4inen rata on testirata. Ohjaaja varmistaa, ett\u00e4 kaikki kiipeilij\u00e4t osaavat k\u00e4ytt\u00e4\u00e4 turvavarusteita ja ovat ymm\u00e4rt\u00e4neet kaikki turvaohjeet.<\/li><li>Kun testirata on l\u00e4p\u00e4isty, voi seikkailu alkaa.Ohjaaja ei itse mene radoille lapsien kanssa, mutta h\u00e4n seuraa ryhm\u00e4\u00e4 ratojen alapuolelta ja neuvoo tarvittaessa.<\/li><li>Pyyd\u00e4mme varaamaan kiipeilyn ja ennakkoon<\/li><\/ul><p>\u00a0<\/p>\t\t\t\t\t\t\t\t<\/div>\n\t\t\t\t<\/div>\n\t\t\t\t\t<\/div>\n\t\t<\/div>\n\t\t\t\t\t<\/div>\n\t\t<\/section>\n\t\t\t\t<section class=\"elementor-section elementor-top-section elementor-element elementor-element-0914f96 elementor-section-boxed elementor-section-height-default elementor-section-height-default\" data-id=\"0914f96\" data-element_type=\"section\" data-e-type=\"section\">\n\t\t\t\t\t\t<div class=\"elementor-container elementor-column-gap-default\">\n\t\t\t\t\t<div class=\"elementor-column elementor-col-100 elementor-top-column elementor-element elementor-element-f59eca5\" data-id=\"f59eca5\" data-element_type=\"column\" data-e-type=\"column\">\n\t\t\t<div class=\"elementor-widget-wrap elementor-element-populated\">\n\t\t\t\t\t\t<div class=\"elementor-element elementor-element-d5339fa elementor-button-info elementor-align-center animated-slow elementor-invisible elementor-widget elementor-widget-button\" data-id=\"d5339fa\" data-element_type=\"widget\" data-e-type=\"widget\" data-settings=\"{&quot;_animation&quot;:&quot;fadeInUp&quot;}\" data-widget_type=\"button.default\">\n\t\t\t\t<div class=\"elementor-widget-container\">\n\t\t\t\t\t\t\t\t\t<div class=\"elementor-button-wrapper\">\n\t\t\t\t\t<a class=\"elementor-button elementor-button-link elementor-size-sm elementor-animation-grow\" href=\"https:\/\/valgerannaseikluspark.ee\/fi\/broneeri\/\">\n\t\t\t\t\t\t<span class=\"elementor-button-content-wrapper\">\n\t\t\t\t\t\t<span class=\"elementor-button-icon\">\n\t\t\t\t<i aria-hidden=\"true\" class=\"far fa-calendar-alt\"><\/i>\t\t\t<\/span>\n\t\t\t\t\t\t\t\t\t<span class=\"elementor-button-text\">Varaa nyt!<\/span>\n\t\t\t\t\t<\/span>\n\t\t\t\t\t<\/a>\n\t\t\t\t<\/div>\n\t\t\t\t\t\t\t\t<\/div>\n\t\t\t\t<\/div>\n\t\t\t\t\t<\/div>\n\t\t<\/div>\n\t\t\t\t\t<\/div>\n\t\t<\/section>\n\t\t\t\t<\/div>\n\t\t","protected":false},"excerpt":{"rendered":"<p>Lapset rakastavat seikkailuja, kuten my\u00f6s me! Seikkailupuistossa vietetyt syntym\u00e4p\u00e4iv\u00e4juhlat j\u00e4\u00e4v\u00e4t syntym\u00e4p\u00e4iv\u00e4sankarin sek\u00e4 vieraiden mieleen viel\u00e4 pitk\u00e4ksi ajaksi. Kuka saa kiivet\u00e4 ja mihin?\u00a0 Valgerannan seikkailupuistossa on yhteens\u00e4 6 j\u00e4nnitt\u00e4v\u00e4\u00e4 seikkailurataa.\u00a0Jokainen rata [&hellip;]<\/p>\n","protected":false},"author":1,"featured_media":0,"parent":0,"menu_order":23,"comment_status":"closed","ping_status":"closed","template":"","meta":{"footnotes":""},"class_list":["post-2574","page","type-page","status-publish","hentry"],"yoast_head":"<!-- This site is optimized with the Yoast SEO plugin v26.9 - https:\/\/yoast.com\/product\/yoast-seo-wordpress\/ -->\n<title>Lasten syntym\u00e4p\u00e4iv\u00e4t - Valgeranna Seikluspark<\/title>\n<meta name=\"robots\" content=\"index, follow, max-snippet:-1, max-image-preview:large, max-video-preview:-1\" \/>\n<link rel=\"canonical\" href=\"https:\/\/valgerannaseikluspark.ee\/fi\/syntymapaivat\/\" \/>\n<meta property=\"og:locale\" content=\"fi_FI\" \/>\n<meta property=\"og:type\" content=\"article\" \/>\n<meta property=\"og:title\" content=\"Lasten syntym\u00e4p\u00e4iv\u00e4t - Valgeranna Seikluspark\" \/>\n<meta property=\"og:description\" content=\"Lapset rakastavat seikkailuja, kuten my\u00f6s me! Seikkailupuistossa vietetyt syntym\u00e4p\u00e4iv\u00e4juhlat j\u00e4\u00e4v\u00e4t syntym\u00e4p\u00e4iv\u00e4sankarin sek\u00e4 vieraiden mieleen viel\u00e4 pitk\u00e4ksi ajaksi. Kuka saa kiivet\u00e4 ja mihin?\u00a0 Valgerannan seikkailupuistossa on yhteens\u00e4 6 j\u00e4nnitt\u00e4v\u00e4\u00e4 seikkailurataa.\u00a0Jokainen rata [&hellip;]\" \/>\n<meta property=\"og:url\" content=\"https:\/\/valgerannaseikluspark.ee\/fi\/syntymapaivat\/\" \/>\n<meta property=\"og:site_name\" content=\"Valgeranna Seikluspark\" \/>\n<meta property=\"article:publisher\" content=\"https:\/\/www.facebook.com\/valgerannaseikluspark\" \/>\n<meta property=\"article:modified_time\" content=\"2023-03-01T09:58:10+00:00\" \/>\n<meta property=\"og:image\" content=\"https:\/\/valgerannaseikluspark.ee\/wp-content\/uploads\/2022\/10\/4.jpg\" \/>\n<meta name=\"twitter:card\" content=\"summary_large_image\" \/>\n<meta name=\"twitter:label1\" content=\"Arvioitu lukuaika\" \/>\n\t<meta name=\"twitter:data1\" content=\"1 minuutti\" \/>\n<script type=\"application\/ld+json\" class=\"yoast-schema-graph\">{\"@context\":\"https:\/\/schema.org\",\"@graph\":[{\"@type\":\"WebPage\",\"@id\":\"https:\/\/valgerannaseikluspark.ee\/fi\/syntymapaivat\/\",\"url\":\"https:\/\/valgerannaseikluspark.ee\/fi\/syntymapaivat\/\",\"name\":\"Lasten syntym\u00e4p\u00e4iv\u00e4t - Valgeranna Seikluspark\",\"isPartOf\":{\"@id\":\"https:\/\/valgerannaseikluspark.ee\/fi\/#website\"},\"primaryImageOfPage\":{\"@id\":\"https:\/\/valgerannaseikluspark.ee\/fi\/syntymapaivat\/#primaryimage\"},\"image\":{\"@id\":\"https:\/\/valgerannaseikluspark.ee\/fi\/syntymapaivat\/#primaryimage\"},\"thumbnailUrl\":\"https:\/\/valgerannaseikluspark.ee\/wp-content\/uploads\/2022\/10\/4.jpg\",\"datePublished\":\"2022-10-05T03:09:50+00:00\",\"dateModified\":\"2023-03-01T09:58:10+00:00\",\"breadcrumb\":{\"@id\":\"https:\/\/valgerannaseikluspark.ee\/fi\/syntymapaivat\/#breadcrumb\"},\"inLanguage\":\"fi\",\"potentialAction\":[{\"@type\":\"ReadAction\",\"target\":[\"https:\/\/valgerannaseikluspark.ee\/fi\/syntymapaivat\/\"]}]},{\"@type\":\"ImageObject\",\"inLanguage\":\"fi\",\"@id\":\"https:\/\/valgerannaseikluspark.ee\/fi\/syntymapaivat\/#primaryimage\",\"url\":\"https:\/\/valgerannaseikluspark.ee\/wp-content\/uploads\/2022\/10\/4.jpg\",\"contentUrl\":\"https:\/\/valgerannaseikluspark.ee\/wp-content\/uploads\/2022\/10\/4.jpg\"},{\"@type\":\"BreadcrumbList\",\"@id\":\"https:\/\/valgerannaseikluspark.ee\/fi\/syntymapaivat\/#breadcrumb\",\"itemListElement\":[{\"@type\":\"ListItem\",\"position\":1,\"name\":\"Home\",\"item\":\"https:\/\/valgerannaseikluspark.ee\/fi\/\"},{\"@type\":\"ListItem\",\"position\":2,\"name\":\"Lasten syntym\u00e4p\u00e4iv\u00e4t\"}]},{\"@type\":\"WebSite\",\"@id\":\"https:\/\/valgerannaseikluspark.ee\/fi\/#website\",\"url\":\"https:\/\/valgerannaseikluspark.ee\/fi\/\",\"name\":\"Valgeranna Seikluspark\",\"description\":\"\",\"publisher\":{\"@id\":\"https:\/\/valgerannaseikluspark.ee\/fi\/#organization\"},\"potentialAction\":[{\"@type\":\"SearchAction\",\"target\":{\"@type\":\"EntryPoint\",\"urlTemplate\":\"https:\/\/valgerannaseikluspark.ee\/fi\/?s={search_term_string}\"},\"query-input\":{\"@type\":\"PropertyValueSpecification\",\"valueRequired\":true,\"valueName\":\"search_term_string\"}}],\"inLanguage\":\"fi\"},{\"@type\":\"Organization\",\"@id\":\"https:\/\/valgerannaseikluspark.ee\/fi\/#organization\",\"name\":\"Valgeranna Seikluspark\",\"url\":\"https:\/\/valgerannaseikluspark.ee\/fi\/\",\"logo\":{\"@type\":\"ImageObject\",\"inLanguage\":\"fi\",\"@id\":\"https:\/\/valgerannaseikluspark.ee\/fi\/#\/schema\/logo\/image\/\",\"url\":\"https:\/\/valgerannaseikluspark.ee\/wp-content\/uploads\/2022\/11\/VSP_Logo_RGB-1.png\",\"contentUrl\":\"https:\/\/valgerannaseikluspark.ee\/wp-content\/uploads\/2022\/11\/VSP_Logo_RGB-1.png\",\"width\":1600,\"height\":900,\"caption\":\"Valgeranna Seikluspark\"},\"image\":{\"@id\":\"https:\/\/valgerannaseikluspark.ee\/fi\/#\/schema\/logo\/image\/\"},\"sameAs\":[\"https:\/\/www.facebook.com\/valgerannaseikluspark\"]}]}<\/script>\n<!-- \/ Yoast SEO plugin. -->","yoast_head_json":{"title":"Lasten syntym\u00e4p\u00e4iv\u00e4t - Valgeranna Seikluspark","robots":{"index":"index","follow":"follow","max-snippet":"max-snippet:-1","max-image-preview":"max-image-preview:large","max-video-preview":"max-video-preview:-1"},"canonical":"https:\/\/valgerannaseikluspark.ee\/fi\/syntymapaivat\/","og_locale":"fi_FI","og_type":"article","og_title":"Lasten syntym\u00e4p\u00e4iv\u00e4t - Valgeranna Seikluspark","og_description":"Lapset rakastavat seikkailuja, kuten my\u00f6s me! Seikkailupuistossa vietetyt syntym\u00e4p\u00e4iv\u00e4juhlat j\u00e4\u00e4v\u00e4t syntym\u00e4p\u00e4iv\u00e4sankarin sek\u00e4 vieraiden mieleen viel\u00e4 pitk\u00e4ksi ajaksi. Kuka saa kiivet\u00e4 ja mihin?\u00a0 Valgerannan seikkailupuistossa on yhteens\u00e4 6 j\u00e4nnitt\u00e4v\u00e4\u00e4 seikkailurataa.\u00a0Jokainen rata [&hellip;]","og_url":"https:\/\/valgerannaseikluspark.ee\/fi\/syntymapaivat\/","og_site_name":"Valgeranna Seikluspark","article_publisher":"https:\/\/www.facebook.com\/valgerannaseikluspark","article_modified_time":"2023-03-01T09:58:10+00:00","og_image":[{"url":"https:\/\/valgerannaseikluspark.ee\/wp-content\/uploads\/2022\/10\/4.jpg","type":"","width":"","height":""}],"twitter_card":"summary_large_image","twitter_misc":{"Arvioitu lukuaika":"1 minuutti"},"schema":{"@context":"https:\/\/schema.org","@graph":[{"@type":"WebPage","@id":"https:\/\/valgerannaseikluspark.ee\/fi\/syntymapaivat\/","url":"https:\/\/valgerannaseikluspark.ee\/fi\/syntymapaivat\/","name":"Lasten syntym\u00e4p\u00e4iv\u00e4t - Valgeranna Seikluspark","isPartOf":{"@id":"https:\/\/valgerannaseikluspark.ee\/fi\/#website"},"primaryImageOfPage":{"@id":"https:\/\/valgerannaseikluspark.ee\/fi\/syntymapaivat\/#primaryimage"},"image":{"@id":"https:\/\/valgerannaseikluspark.ee\/fi\/syntymapaivat\/#primaryimage"},"thumbnailUrl":"https:\/\/valgerannaseikluspark.ee\/wp-content\/uploads\/2022\/10\/4.jpg","datePublished":"2022-10-05T03:09:50+00:00","dateModified":"2023-03-01T09:58:10+00:00","breadcrumb":{"@id":"https:\/\/valgerannaseikluspark.ee\/fi\/syntymapaivat\/#breadcrumb"},"inLanguage":"fi","potentialAction":[{"@type":"ReadAction","target":["https:\/\/valgerannaseikluspark.ee\/fi\/syntymapaivat\/"]}]},{"@type":"ImageObject","inLanguage":"fi","@id":"https:\/\/valgerannaseikluspark.ee\/fi\/syntymapaivat\/#primaryimage","url":"https:\/\/valgerannaseikluspark.ee\/wp-content\/uploads\/2022\/10\/4.jpg","contentUrl":"https:\/\/valgerannaseikluspark.ee\/wp-content\/uploads\/2022\/10\/4.jpg"},{"@type":"BreadcrumbList","@id":"https:\/\/valgerannaseikluspark.ee\/fi\/syntymapaivat\/#breadcrumb","itemListElement":[{"@type":"ListItem","position":1,"name":"Home","item":"https:\/\/valgerannaseikluspark.ee\/fi\/"},{"@type":"ListItem","position":2,"name":"Lasten syntym\u00e4p\u00e4iv\u00e4t"}]},{"@type":"WebSite","@id":"https:\/\/valgerannaseikluspark.ee\/fi\/#website","url":"https:\/\/valgerannaseikluspark.ee\/fi\/","name":"Valgeranna Seikluspark","description":"","publisher":{"@id":"https:\/\/valgerannaseikluspark.ee\/fi\/#organization"},"potentialAction":[{"@type":"SearchAction","target":{"@type":"EntryPoint","urlTemplate":"https:\/\/valgerannaseikluspark.ee\/fi\/?s={search_term_string}"},"query-input":{"@type":"PropertyValueSpecification","valueRequired":true,"valueName":"search_term_string"}}],"inLanguage":"fi"},{"@type":"Organization","@id":"https:\/\/valgerannaseikluspark.ee\/fi\/#organization","name":"Valgeranna Seikluspark","url":"https:\/\/valgerannaseikluspark.ee\/fi\/","logo":{"@type":"ImageObject","inLanguage":"fi","@id":"https:\/\/valgerannaseikluspark.ee\/fi\/#\/schema\/logo\/image\/","url":"https:\/\/valgerannaseikluspark.ee\/wp-content\/uploads\/2022\/11\/VSP_Logo_RGB-1.png","contentUrl":"https:\/\/valgerannaseikluspark.ee\/wp-content\/uploads\/2022\/11\/VSP_Logo_RGB-1.png","width":1600,"height":900,"caption":"Valgeranna Seikluspark"},"image":{"@id":"https:\/\/valgerannaseikluspark.ee\/fi\/#\/schema\/logo\/image\/"},"sameAs":["https:\/\/www.facebook.com\/valgerannaseikluspark"]}]}},"_links":{"self":[{"href":"https:\/\/valgerannaseikluspark.ee\/fi\/wp-json\/wp\/v2\/pages\/2574","targetHints":{"allow":["GET"]}}],"collection":[{"href":"https:\/\/valgerannaseikluspark.ee\/fi\/wp-json\/wp\/v2\/pages"}],"about":[{"href":"https:\/\/valgerannaseikluspark.ee\/fi\/wp-json\/wp\/v2\/types\/page"}],"author":[{"embeddable":true,"href":"https:\/\/valgerannaseikluspark.ee\/fi\/wp-json\/wp\/v2\/users\/1"}],"replies":[{"embeddable":true,"href":"https:\/\/valgerannaseikluspark.ee\/fi\/wp-json\/wp\/v2\/comments?post=2574"}],"version-history":[{"count":16,"href":"https:\/\/valgerannaseikluspark.ee\/fi\/wp-json\/wp\/v2\/pages\/2574\/revisions"}],"predecessor-version":[{"id":3968,"href":"https:\/\/valgerannaseikluspark.ee\/fi\/wp-json\/wp\/v2\/pages\/2574\/revisions\/3968"}],"wp:attachment":[{"href":"https:\/\/valgerannaseikluspark.ee\/fi\/wp-json\/wp\/v2\/media?parent=2574"}],"curies":[{"name":"wp","href":"https:\/\/api.w.org\/{rel}","templated":true}]}}