{"id":2562,"date":"2022-11-16T09:28:04","date_gmt":"2022-11-16T09:28:04","guid":{"rendered":"https:\/\/valgerannaseikluspark.ee\/?page_id=2562"},"modified":"2022-11-16T11:35:18","modified_gmt":"2022-11-16T11:35:18","slug":"turvallisuus","status":"publish","type":"page","link":"https:\/\/valgerannaseikluspark.ee\/fi\/turvallisuus\/","title":{"rendered":"Turvallisuus"},"content":{"rendered":"\t\t<div data-elementor-type=\"wp-page\" data-elementor-id=\"2562\" class=\"elementor elementor-2562\" data-elementor-post-type=\"page\">\n\t\t\t\t\t\t<section class=\"elementor-section elementor-top-section elementor-element elementor-element-3400607 elementor-section-boxed elementor-section-height-default elementor-section-height-default\" data-id=\"3400607\" data-element_type=\"section\" data-e-type=\"section\">\n\t\t\t\t\t\t<div class=\"elementor-container elementor-column-gap-default\">\n\t\t\t\t\t<div class=\"elementor-column elementor-col-100 elementor-top-column elementor-element elementor-element-a312a42\" data-id=\"a312a42\" data-element_type=\"column\" data-e-type=\"column\">\n\t\t\t<div class=\"elementor-widget-wrap elementor-element-populated\">\n\t\t\t\t\t\t<div class=\"elementor-element elementor-element-cec216b elementor-widget elementor-widget-heading\" data-id=\"cec216b\" data-element_type=\"widget\" data-e-type=\"widget\" data-widget_type=\"heading.default\">\n\t\t\t\t<div class=\"elementor-widget-container\">\n\t\t\t\t\t<h3 class=\"elementor-heading-title elementor-size-default\"><b>Seikkailupuiston turvallisuuden takavaat:<\/b><\/h3>\t\t\t\t<\/div>\n\t\t\t\t<\/div>\n\t\t\t\t<section class=\"elementor-section elementor-inner-section elementor-element elementor-element-b55b57b elementor-section-boxed elementor-section-height-default elementor-section-height-default\" data-id=\"b55b57b\" data-element_type=\"section\" data-e-type=\"section\">\n\t\t\t\t\t\t<div class=\"elementor-container elementor-column-gap-default\">\n\t\t\t\t\t<div class=\"elementor-column elementor-col-100 elementor-inner-column elementor-element elementor-element-47a7e47\" data-id=\"47a7e47\" data-element_type=\"column\" data-e-type=\"column\">\n\t\t\t<div class=\"elementor-widget-wrap elementor-element-populated\">\n\t\t\t\t\t\t<div class=\"elementor-element elementor-element-24cacbd elementor-widget elementor-widget-text-editor\" data-id=\"24cacbd\" data-element_type=\"widget\" data-e-type=\"widget\" data-widget_type=\"text-editor.default\">\n\t\t\t\t<div class=\"elementor-widget-container\">\n\t\t\t\t\t\t\t\t\t<ul>\n<li>Seikkailuradat vastaavat tiukkoja teknisi\u00e4 turvam\u00e4\u00e4r\u00e4yksi\u00e4<\/li>\n<li>Ohjaajat ovat kokeneita<\/li>\n<li>Kiipeilyvarusteemme vastaavat ammattilaistasoa<\/li>\n<li>Seikkailija on jatkuvasti kytkettyn\u00e4 turvavaijeriin<\/li>\n<li>&nbsp;Turvaohjeistus sek\u00e4 harjoittelurata kokeneen ohjaajan valvonnassa ovat pakollisia kaikille seikkailijoille<\/li>\n<\/ul>\n<p>Valgeranna seikkailupuisto on rakennettu Euroopan Unionin direktiivien <b>AFNOR XP-902-1<\/b> ja <b>XP S52-902-2<\/b> mukaisesti.<\/p>\n<p><span style=\"color: var( --e-global-color-text ); font-family: var( --e-global-typography-text-font-family ), Sans-serif;\">Ratat vastaavat s\u00e4\u00e4d\u00f6ksi\u00e4 EN 15567-1 s\u00e4\u00e4d\u00f6ksi\u00e4 ja ratojen operointi EN 15567-2 s\u00e4\u00e4d\u00f6ksi\u00e4.<\/span><\/p>\n<p><span style=\"color: var( --e-global-color-text ); font-family: var( --e-global-typography-text-font-family ), Sans-serif;\">Seikkailupuiston on suunnitellut ja rakennusvalvonnan suorittanut ranskalainen yritys ARAVIS AVENTURE SARL jonka johtaja Pierre Gay Perret on sertifioitu vuoristokiipeilyopas. H\u00e4n omaa laajan kokemuksen seikkailupuistojen rakentamisesta.<\/span><\/p>\n<p><b>Aravis Aventure<\/b><\/p>\n<p>Yrityksell\u00e4 on seikkailupuistojen rakentamislupa ja sen yritysrekisteritiedot ovat:<br>Viite: M7401 1170185<br>Siret-nro: 432 305 845 00013<br>APE-koodi: 927c<\/p>\n<p>Turva- ja kiipeilyvarusteina k\u00e4yt\u00e4mme PETZL-varusteita.<\/p>\t\t\t\t\t\t\t\t<\/div>\n\t\t\t\t<\/div>\n\t\t\t\t\t<\/div>\n\t\t<\/div>\n\t\t\t\t\t<\/div>\n\t\t<\/section>\n\t\t\t\t\t<\/div>\n\t\t<\/div>\n\t\t\t\t\t<\/div>\n\t\t<\/section>\n\t\t\t\t<\/div>\n\t\t","protected":false},"excerpt":{"rendered":"<p>Seikkailupuiston turvallisuuden takavaat: Seikkailuradat vastaavat tiukkoja teknisi\u00e4 turvam\u00e4\u00e4r\u00e4yksi\u00e4 Ohjaajat ovat kokeneita Kiipeilyvarusteemme vastaavat ammattilaistasoa Seikkailija on jatkuvasti kytkettyn\u00e4 turvavaijeriin &nbsp;Turvaohjeistus sek\u00e4 harjoittelurata kokeneen ohjaajan valvonnassa ovat pakollisia kaikille seikkailijoille Valgeranna [&hellip;]<\/p>\n","protected":false},"author":1,"featured_media":0,"parent":0,"menu_order":50,"comment_status":"closed","ping_status":"closed","template":"","meta":{"footnotes":""},"class_list":["post-2562","page","type-page","status-publish","hentry"],"yoast_head":"<!-- This site is optimized with the Yoast SEO plugin v26.9 - https:\/\/yoast.com\/product\/yoast-seo-wordpress\/ -->\n<title>Turvallisuus - Valgeranna Seikluspark<\/title>\n<meta name=\"robots\" content=\"index, follow, max-snippet:-1, max-image-preview:large, max-video-preview:-1\" \/>\n<link rel=\"canonical\" href=\"https:\/\/valgerannaseikluspark.ee\/fi\/turvallisuus\/\" \/>\n<meta property=\"og:locale\" content=\"fi_FI\" \/>\n<meta property=\"og:type\" content=\"article\" \/>\n<meta property=\"og:title\" content=\"Turvallisuus - Valgeranna Seikluspark\" \/>\n<meta property=\"og:description\" content=\"Seikkailupuiston turvallisuuden takavaat: Seikkailuradat vastaavat tiukkoja teknisi\u00e4 turvam\u00e4\u00e4r\u00e4yksi\u00e4 Ohjaajat ovat kokeneita Kiipeilyvarusteemme vastaavat ammattilaistasoa Seikkailija on jatkuvasti kytkettyn\u00e4 turvavaijeriin &nbsp;Turvaohjeistus sek\u00e4 harjoittelurata kokeneen ohjaajan valvonnassa ovat pakollisia kaikille seikkailijoille Valgeranna [&hellip;]\" \/>\n<meta property=\"og:url\" content=\"https:\/\/valgerannaseikluspark.ee\/fi\/turvallisuus\/\" \/>\n<meta property=\"og:site_name\" content=\"Valgeranna Seikluspark\" \/>\n<meta property=\"article:publisher\" content=\"https:\/\/www.facebook.com\/valgerannaseikluspark\" \/>\n<meta property=\"article:modified_time\" content=\"2022-11-16T11:35:18+00:00\" \/>\n<meta name=\"twitter:card\" content=\"summary_large_image\" \/>\n<meta name=\"twitter:label1\" content=\"Arvioitu lukuaika\" \/>\n\t<meta name=\"twitter:data1\" content=\"1 minuutti\" \/>\n<script type=\"application\/ld+json\" class=\"yoast-schema-graph\">{\"@context\":\"https:\/\/schema.org\",\"@graph\":[{\"@type\":\"WebPage\",\"@id\":\"https:\/\/valgerannaseikluspark.ee\/fi\/turvallisuus\/\",\"url\":\"https:\/\/valgerannaseikluspark.ee\/fi\/turvallisuus\/\",\"name\":\"Turvallisuus - Valgeranna Seikluspark\",\"isPartOf\":{\"@id\":\"https:\/\/valgerannaseikluspark.ee\/fi\/#website\"},\"datePublished\":\"2022-11-16T09:28:04+00:00\",\"dateModified\":\"2022-11-16T11:35:18+00:00\",\"breadcrumb\":{\"@id\":\"https:\/\/valgerannaseikluspark.ee\/fi\/turvallisuus\/#breadcrumb\"},\"inLanguage\":\"fi\",\"potentialAction\":[{\"@type\":\"ReadAction\",\"target\":[\"https:\/\/valgerannaseikluspark.ee\/fi\/turvallisuus\/\"]}]},{\"@type\":\"BreadcrumbList\",\"@id\":\"https:\/\/valgerannaseikluspark.ee\/fi\/turvallisuus\/#breadcrumb\",\"itemListElement\":[{\"@type\":\"ListItem\",\"position\":1,\"name\":\"Home\",\"item\":\"https:\/\/valgerannaseikluspark.ee\/fi\/\"},{\"@type\":\"ListItem\",\"position\":2,\"name\":\"Turvallisuus\"}]},{\"@type\":\"WebSite\",\"@id\":\"https:\/\/valgerannaseikluspark.ee\/fi\/#website\",\"url\":\"https:\/\/valgerannaseikluspark.ee\/fi\/\",\"name\":\"Valgeranna Seikluspark\",\"description\":\"\",\"publisher\":{\"@id\":\"https:\/\/valgerannaseikluspark.ee\/fi\/#organization\"},\"potentialAction\":[{\"@type\":\"SearchAction\",\"target\":{\"@type\":\"EntryPoint\",\"urlTemplate\":\"https:\/\/valgerannaseikluspark.ee\/fi\/?s={search_term_string}\"},\"query-input\":{\"@type\":\"PropertyValueSpecification\",\"valueRequired\":true,\"valueName\":\"search_term_string\"}}],\"inLanguage\":\"fi\"},{\"@type\":\"Organization\",\"@id\":\"https:\/\/valgerannaseikluspark.ee\/fi\/#organization\",\"name\":\"Valgeranna Seikluspark\",\"url\":\"https:\/\/valgerannaseikluspark.ee\/fi\/\",\"logo\":{\"@type\":\"ImageObject\",\"inLanguage\":\"fi\",\"@id\":\"https:\/\/valgerannaseikluspark.ee\/fi\/#\/schema\/logo\/image\/\",\"url\":\"https:\/\/valgerannaseikluspark.ee\/wp-content\/uploads\/2022\/11\/VSP_Logo_RGB-1.png\",\"contentUrl\":\"https:\/\/valgerannaseikluspark.ee\/wp-content\/uploads\/2022\/11\/VSP_Logo_RGB-1.png\",\"width\":1600,\"height\":900,\"caption\":\"Valgeranna Seikluspark\"},\"image\":{\"@id\":\"https:\/\/valgerannaseikluspark.ee\/fi\/#\/schema\/logo\/image\/\"},\"sameAs\":[\"https:\/\/www.facebook.com\/valgerannaseikluspark\"]}]}<\/script>\n<!-- \/ Yoast SEO plugin. -->","yoast_head_json":{"title":"Turvallisuus - Valgeranna Seikluspark","robots":{"index":"index","follow":"follow","max-snippet":"max-snippet:-1","max-image-preview":"max-image-preview:large","max-video-preview":"max-video-preview:-1"},"canonical":"https:\/\/valgerannaseikluspark.ee\/fi\/turvallisuus\/","og_locale":"fi_FI","og_type":"article","og_title":"Turvallisuus - Valgeranna Seikluspark","og_description":"Seikkailupuiston turvallisuuden takavaat: Seikkailuradat vastaavat tiukkoja teknisi\u00e4 turvam\u00e4\u00e4r\u00e4yksi\u00e4 Ohjaajat ovat kokeneita Kiipeilyvarusteemme vastaavat ammattilaistasoa Seikkailija on jatkuvasti kytkettyn\u00e4 turvavaijeriin &nbsp;Turvaohjeistus sek\u00e4 harjoittelurata kokeneen ohjaajan valvonnassa ovat pakollisia kaikille seikkailijoille Valgeranna [&hellip;]","og_url":"https:\/\/valgerannaseikluspark.ee\/fi\/turvallisuus\/","og_site_name":"Valgeranna Seikluspark","article_publisher":"https:\/\/www.facebook.com\/valgerannaseikluspark","article_modified_time":"2022-11-16T11:35:18+00:00","twitter_card":"summary_large_image","twitter_misc":{"Arvioitu lukuaika":"1 minuutti"},"schema":{"@context":"https:\/\/schema.org","@graph":[{"@type":"WebPage","@id":"https:\/\/valgerannaseikluspark.ee\/fi\/turvallisuus\/","url":"https:\/\/valgerannaseikluspark.ee\/fi\/turvallisuus\/","name":"Turvallisuus - Valgeranna Seikluspark","isPartOf":{"@id":"https:\/\/valgerannaseikluspark.ee\/fi\/#website"},"datePublished":"2022-11-16T09:28:04+00:00","dateModified":"2022-11-16T11:35:18+00:00","breadcrumb":{"@id":"https:\/\/valgerannaseikluspark.ee\/fi\/turvallisuus\/#breadcrumb"},"inLanguage":"fi","potentialAction":[{"@type":"ReadAction","target":["https:\/\/valgerannaseikluspark.ee\/fi\/turvallisuus\/"]}]},{"@type":"BreadcrumbList","@id":"https:\/\/valgerannaseikluspark.ee\/fi\/turvallisuus\/#breadcrumb","itemListElement":[{"@type":"ListItem","position":1,"name":"Home","item":"https:\/\/valgerannaseikluspark.ee\/fi\/"},{"@type":"ListItem","position":2,"name":"Turvallisuus"}]},{"@type":"WebSite","@id":"https:\/\/valgerannaseikluspark.ee\/fi\/#website","url":"https:\/\/valgerannaseikluspark.ee\/fi\/","name":"Valgeranna Seikluspark","description":"","publisher":{"@id":"https:\/\/valgerannaseikluspark.ee\/fi\/#organization"},"potentialAction":[{"@type":"SearchAction","target":{"@type":"EntryPoint","urlTemplate":"https:\/\/valgerannaseikluspark.ee\/fi\/?s={search_term_string}"},"query-input":{"@type":"PropertyValueSpecification","valueRequired":true,"valueName":"search_term_string"}}],"inLanguage":"fi"},{"@type":"Organization","@id":"https:\/\/valgerannaseikluspark.ee\/fi\/#organization","name":"Valgeranna Seikluspark","url":"https:\/\/valgerannaseikluspark.ee\/fi\/","logo":{"@type":"ImageObject","inLanguage":"fi","@id":"https:\/\/valgerannaseikluspark.ee\/fi\/#\/schema\/logo\/image\/","url":"https:\/\/valgerannaseikluspark.ee\/wp-content\/uploads\/2022\/11\/VSP_Logo_RGB-1.png","contentUrl":"https:\/\/valgerannaseikluspark.ee\/wp-content\/uploads\/2022\/11\/VSP_Logo_RGB-1.png","width":1600,"height":900,"caption":"Valgeranna Seikluspark"},"image":{"@id":"https:\/\/valgerannaseikluspark.ee\/fi\/#\/schema\/logo\/image\/"},"sameAs":["https:\/\/www.facebook.com\/valgerannaseikluspark"]}]}},"_links":{"self":[{"href":"https:\/\/valgerannaseikluspark.ee\/fi\/wp-json\/wp\/v2\/pages\/2562","targetHints":{"allow":["GET"]}}],"collection":[{"href":"https:\/\/valgerannaseikluspark.ee\/fi\/wp-json\/wp\/v2\/pages"}],"about":[{"href":"https:\/\/valgerannaseikluspark.ee\/fi\/wp-json\/wp\/v2\/types\/page"}],"author":[{"embeddable":true,"href":"https:\/\/valgerannaseikluspark.ee\/fi\/wp-json\/wp\/v2\/users\/1"}],"replies":[{"embeddable":true,"href":"https:\/\/valgerannaseikluspark.ee\/fi\/wp-json\/wp\/v2\/comments?post=2562"}],"version-history":[{"count":10,"href":"https:\/\/valgerannaseikluspark.ee\/fi\/wp-json\/wp\/v2\/pages\/2562\/revisions"}],"predecessor-version":[{"id":2630,"href":"https:\/\/valgerannaseikluspark.ee\/fi\/wp-json\/wp\/v2\/pages\/2562\/revisions\/2630"}],"wp:attachment":[{"href":"https:\/\/valgerannaseikluspark.ee\/fi\/wp-json\/wp\/v2\/media?parent=2562"}],"curies":[{"name":"wp","href":"https:\/\/api.w.org\/{rel}","templated":true}]}}