{"id":2555,"date":"2022-10-04T10:27:54","date_gmt":"2022-10-04T07:27:54","guid":{"rendered":"https:\/\/valgerannaseikluspark.ee\/reeglid\/"},"modified":"2023-03-13T12:35:23","modified_gmt":"2023-03-13T10:35:23","slug":"saannot","status":"publish","type":"page","link":"https:\/\/valgerannaseikluspark.ee\/fi\/saannot\/","title":{"rendered":"S\u00e4\u00e4nnn\u00f6t &#038; Sopimukset"},"content":{"rendered":"\t\t<div data-elementor-type=\"wp-page\" data-elementor-id=\"2555\" class=\"elementor elementor-2555 elementor-1099\" data-elementor-post-type=\"page\">\n\t\t\t\t\t\t<section class=\"elementor-section elementor-top-section elementor-element elementor-element-3a2d655 elementor-section-boxed elementor-section-height-default elementor-section-height-default\" data-id=\"3a2d655\" data-element_type=\"section\" data-e-type=\"section\">\n\t\t\t\t\t\t<div class=\"elementor-container elementor-column-gap-default\">\n\t\t\t\t\t<div class=\"elementor-column elementor-col-100 elementor-top-column elementor-element elementor-element-29aff37\" data-id=\"29aff37\" data-element_type=\"column\" data-e-type=\"column\">\n\t\t\t<div class=\"elementor-widget-wrap elementor-element-populated\">\n\t\t\t\t\t\t<div class=\"elementor-element elementor-element-03ec8e6 elementor-widget elementor-widget-heading\" data-id=\"03ec8e6\" data-element_type=\"widget\" data-e-type=\"widget\" data-widget_type=\"heading.default\">\n\t\t\t\t<div class=\"elementor-widget-container\">\n\t\t\t\t\t<h3 class=\"elementor-heading-title elementor-size-default\">Sopimus<\/h3>\t\t\t\t<\/div>\n\t\t\t\t<\/div>\n\t\t\t\t<div class=\"elementor-element elementor-element-c3d7b04 elementor-widget elementor-widget-text-editor\" data-id=\"c3d7b04\" data-element_type=\"widget\" data-e-type=\"widget\" data-widget_type=\"text-editor.default\">\n\t\t\t\t<div class=\"elementor-widget-container\">\n\t\t\t\t\t\t\t\t\t<ul><li><span style=\"color: var( --e-global-color-text ); font-family: var( --e-global-typography-text-font-family ), Sans-serif;\">Tutustu sopimukseen <\/span><a style=\"font-family: var( --e-global-typography-text-font-family ), Sans-serif;\" href=\"https:\/\/valgerannaseikluspark.ee\/wp-content\/uploads\/2023\/03\/Seikluspark_Kliendileping_FIN.pdf\">t\u00e4st\u00e4<\/a><\/li><\/ul>\t\t\t\t\t\t\t\t<\/div>\n\t\t\t\t<\/div>\n\t\t\t\t<div class=\"elementor-element elementor-element-45f1372 elementor-widget elementor-widget-heading\" data-id=\"45f1372\" data-element_type=\"widget\" data-e-type=\"widget\" data-widget_type=\"heading.default\">\n\t\t\t\t<div class=\"elementor-widget-container\">\n\t\t\t\t\t<h3 class=\"elementor-heading-title elementor-size-default\">S\u00e4\u00e4nn\u00f6t<\/h3>\t\t\t\t<\/div>\n\t\t\t\t<\/div>\n\t\t\t\t<section class=\"elementor-section elementor-inner-section elementor-element elementor-element-a5f1e8f elementor-section-boxed elementor-section-height-default elementor-section-height-default\" data-id=\"a5f1e8f\" data-element_type=\"section\" data-e-type=\"section\">\n\t\t\t\t\t\t<div class=\"elementor-container elementor-column-gap-default\">\n\t\t\t\t\t<div class=\"elementor-column elementor-col-100 elementor-inner-column elementor-element elementor-element-d857bca\" data-id=\"d857bca\" data-element_type=\"column\" data-e-type=\"column\">\n\t\t\t<div class=\"elementor-widget-wrap elementor-element-populated\">\n\t\t\t\t\t\t<div class=\"elementor-element elementor-element-a4da46d elementor-widget elementor-widget-text-editor\" data-id=\"a4da46d\" data-element_type=\"widget\" data-e-type=\"widget\" data-widget_type=\"text-editor.default\">\n\t\t\t\t<div class=\"elementor-widget-container\">\n\t\t\t\t\t\t\t\t\t<ul><li>Jokainen asiakas solmii ennen radalle p\u00e4\u00e4sy\u00e4 kirjallisen sopimuksen seikkailupuiston kanssa ja saa puiston ty\u00f6ntekij\u00e4lt\u00e4 opastuksen sek\u00e4 turvaohjeet ratojen k\u00e4ytt\u00f6\u00f6n.<\/li><li>Alle 14-vuotiaat p\u00e4\u00e4sev\u00e4t radalle vain t\u00e4ysi-ik\u00e4isen henkil\u00f6n suostumuksella.<\/li><li>Lapsi voi kiipeilem\u00e4\u00e4n tullessaan esitt\u00e4\u00e4 huoltajan t\u00e4ytt\u00e4m\u00e4n ja allekirjoittaman sopimuksen. Sopimuksen l\u00f6yd\u00e4t sivun lopusta.<\/li><li>Lapset joiden pituus on 115\u2013140 cm voivat suorittaa ensimm\u00e4iset 3 rataa.\u00a0<\/li><li>Alle 18-vuotias ja yli 140 cm pitk\u00e4 lapsi voi suorittaa kaikki 6 rataa.<\/li><li>Turvavaljaat on tarkoitettu asiakkaan henkil\u00f6kohtaiseen k\u00e4ytt\u00f6\u00f6n ja ne tulee palauttaa Seikkailupuiston paviljonkiin heti ratojen suorittamisen j\u00e4lkeen.<\/li><li>Turvavaljaiden luovuttaminen kolmannelle henkil\u00f6lle on kielletty.<\/li><li>Sis\u00e4\u00e4np\u00e4\u00e4symaksu oikeuttaa suorittamaan kaikki radat kerran alusta loppuun.<\/li><li>Pitk\u00e4t hiukset\u00a0 on sidottu kiinni.<\/li><li>Vaatteidenvaihdon tai WC-k\u00e4ynnin j\u00e4lkeen ohjaaja tarkastaa, ett\u00e4 turvavaljaat ovat oikein paikoillaan.<\/li><li>Henkil\u00f6kohtaiset tavarat voi j\u00e4tt\u00e4\u00e4 s\u00e4ilytykseen Seikkailupuiston paviljonkiin.<\/li><\/ul>\t\t\t\t\t\t\t\t<\/div>\n\t\t\t\t<\/div>\n\t\t\t\t\t<\/div>\n\t\t<\/div>\n\t\t\t\t\t<\/div>\n\t\t<\/section>\n\t\t\t\t\t<\/div>\n\t\t<\/div>\n\t\t\t\t\t<\/div>\n\t\t<\/section>\n\t\t\t\t<section class=\"elementor-section elementor-top-section elementor-element elementor-element-495b29c elementor-section-boxed elementor-section-height-default elementor-section-height-default\" data-id=\"495b29c\" data-element_type=\"section\" data-e-type=\"section\">\n\t\t\t\t\t\t<div class=\"elementor-container elementor-column-gap-default\">\n\t\t\t\t\t<div class=\"elementor-column elementor-col-100 elementor-top-column elementor-element elementor-element-c5a9d02\" data-id=\"c5a9d02\" data-element_type=\"column\" data-e-type=\"column\">\n\t\t\t<div class=\"elementor-widget-wrap elementor-element-populated\">\n\t\t\t\t\t\t<section class=\"elementor-section elementor-inner-section elementor-element elementor-element-ef27317 elementor-section-boxed elementor-section-height-default elementor-section-height-default\" data-id=\"ef27317\" data-element_type=\"section\" data-e-type=\"section\">\n\t\t\t\t\t\t<div class=\"elementor-container elementor-column-gap-default\">\n\t\t\t\t\t<div class=\"elementor-column elementor-col-100 elementor-inner-column elementor-element elementor-element-f2096ae\" data-id=\"f2096ae\" data-element_type=\"column\" data-e-type=\"column\">\n\t\t\t<div class=\"elementor-widget-wrap\">\n\t\t\t\t\t\t\t<\/div>\n\t\t<\/div>\n\t\t\t\t\t<\/div>\n\t\t<\/section>\n\t\t\t\t\t<\/div>\n\t\t<\/div>\n\t\t\t\t\t<\/div>\n\t\t<\/section>\n\t\t\t\t<\/div>\n\t\t","protected":false},"excerpt":{"rendered":"<p>Sopimus Tutustu sopimukseen t\u00e4st\u00e4 S\u00e4\u00e4nn\u00f6t Jokainen asiakas solmii ennen radalle p\u00e4\u00e4sy\u00e4 kirjallisen sopimuksen seikkailupuiston kanssa ja saa puiston ty\u00f6ntekij\u00e4lt\u00e4 opastuksen sek\u00e4 turvaohjeet ratojen k\u00e4ytt\u00f6\u00f6n. Alle 14-vuotiaat p\u00e4\u00e4sev\u00e4t radalle vain t\u00e4ysi-ik\u00e4isen [&hellip;]<\/p>\n","protected":false},"author":1,"featured_media":0,"parent":0,"menu_order":60,"comment_status":"closed","ping_status":"closed","template":"","meta":{"footnotes":""},"class_list":["post-2555","page","type-page","status-publish","hentry"],"yoast_head":"<!-- This site is optimized with the Yoast SEO plugin v26.9 - https:\/\/yoast.com\/product\/yoast-seo-wordpress\/ -->\n<title>S\u00e4\u00e4nnn\u00f6t &amp; Sopimukset - Valgeranna Seikluspark<\/title>\n<meta name=\"robots\" content=\"index, follow, max-snippet:-1, max-image-preview:large, max-video-preview:-1\" \/>\n<link rel=\"canonical\" href=\"https:\/\/valgerannaseikluspark.ee\/fi\/saannot\/\" \/>\n<meta property=\"og:locale\" content=\"fi_FI\" \/>\n<meta property=\"og:type\" content=\"article\" \/>\n<meta property=\"og:title\" content=\"S\u00e4\u00e4nnn\u00f6t &amp; Sopimukset - Valgeranna Seikluspark\" \/>\n<meta property=\"og:description\" content=\"Sopimus Tutustu sopimukseen t\u00e4st\u00e4 S\u00e4\u00e4nn\u00f6t Jokainen asiakas solmii ennen radalle p\u00e4\u00e4sy\u00e4 kirjallisen sopimuksen seikkailupuiston kanssa ja saa puiston ty\u00f6ntekij\u00e4lt\u00e4 opastuksen sek\u00e4 turvaohjeet ratojen k\u00e4ytt\u00f6\u00f6n. Alle 14-vuotiaat p\u00e4\u00e4sev\u00e4t radalle vain t\u00e4ysi-ik\u00e4isen [&hellip;]\" \/>\n<meta property=\"og:url\" content=\"https:\/\/valgerannaseikluspark.ee\/fi\/saannot\/\" \/>\n<meta property=\"og:site_name\" content=\"Valgeranna Seikluspark\" \/>\n<meta property=\"article:publisher\" content=\"https:\/\/www.facebook.com\/valgerannaseikluspark\" \/>\n<meta property=\"article:modified_time\" content=\"2023-03-13T10:35:23+00:00\" \/>\n<meta name=\"twitter:card\" content=\"summary_large_image\" \/>\n<meta name=\"twitter:label1\" content=\"Arvioitu lukuaika\" \/>\n\t<meta name=\"twitter:data1\" content=\"1 minuutti\" \/>\n<script type=\"application\/ld+json\" class=\"yoast-schema-graph\">{\"@context\":\"https:\/\/schema.org\",\"@graph\":[{\"@type\":\"WebPage\",\"@id\":\"https:\/\/valgerannaseikluspark.ee\/fi\/saannot\/\",\"url\":\"https:\/\/valgerannaseikluspark.ee\/fi\/saannot\/\",\"name\":\"S\u00e4\u00e4nnn\u00f6t & Sopimukset - Valgeranna Seikluspark\",\"isPartOf\":{\"@id\":\"https:\/\/valgerannaseikluspark.ee\/fi\/#website\"},\"datePublished\":\"2022-10-04T07:27:54+00:00\",\"dateModified\":\"2023-03-13T10:35:23+00:00\",\"breadcrumb\":{\"@id\":\"https:\/\/valgerannaseikluspark.ee\/fi\/saannot\/#breadcrumb\"},\"inLanguage\":\"fi\",\"potentialAction\":[{\"@type\":\"ReadAction\",\"target\":[\"https:\/\/valgerannaseikluspark.ee\/fi\/saannot\/\"]}]},{\"@type\":\"BreadcrumbList\",\"@id\":\"https:\/\/valgerannaseikluspark.ee\/fi\/saannot\/#breadcrumb\",\"itemListElement\":[{\"@type\":\"ListItem\",\"position\":1,\"name\":\"Home\",\"item\":\"https:\/\/valgerannaseikluspark.ee\/fi\/\"},{\"@type\":\"ListItem\",\"position\":2,\"name\":\"S\u00e4\u00e4nnn\u00f6t &#038; Sopimukset\"}]},{\"@type\":\"WebSite\",\"@id\":\"https:\/\/valgerannaseikluspark.ee\/fi\/#website\",\"url\":\"https:\/\/valgerannaseikluspark.ee\/fi\/\",\"name\":\"Valgeranna Seikluspark\",\"description\":\"\",\"publisher\":{\"@id\":\"https:\/\/valgerannaseikluspark.ee\/fi\/#organization\"},\"potentialAction\":[{\"@type\":\"SearchAction\",\"target\":{\"@type\":\"EntryPoint\",\"urlTemplate\":\"https:\/\/valgerannaseikluspark.ee\/fi\/?s={search_term_string}\"},\"query-input\":{\"@type\":\"PropertyValueSpecification\",\"valueRequired\":true,\"valueName\":\"search_term_string\"}}],\"inLanguage\":\"fi\"},{\"@type\":\"Organization\",\"@id\":\"https:\/\/valgerannaseikluspark.ee\/fi\/#organization\",\"name\":\"Valgeranna Seikluspark\",\"url\":\"https:\/\/valgerannaseikluspark.ee\/fi\/\",\"logo\":{\"@type\":\"ImageObject\",\"inLanguage\":\"fi\",\"@id\":\"https:\/\/valgerannaseikluspark.ee\/fi\/#\/schema\/logo\/image\/\",\"url\":\"https:\/\/valgerannaseikluspark.ee\/wp-content\/uploads\/2022\/11\/VSP_Logo_RGB-1.png\",\"contentUrl\":\"https:\/\/valgerannaseikluspark.ee\/wp-content\/uploads\/2022\/11\/VSP_Logo_RGB-1.png\",\"width\":1600,\"height\":900,\"caption\":\"Valgeranna Seikluspark\"},\"image\":{\"@id\":\"https:\/\/valgerannaseikluspark.ee\/fi\/#\/schema\/logo\/image\/\"},\"sameAs\":[\"https:\/\/www.facebook.com\/valgerannaseikluspark\"]}]}<\/script>\n<!-- \/ Yoast SEO plugin. -->","yoast_head_json":{"title":"S\u00e4\u00e4nnn\u00f6t & Sopimukset - Valgeranna Seikluspark","robots":{"index":"index","follow":"follow","max-snippet":"max-snippet:-1","max-image-preview":"max-image-preview:large","max-video-preview":"max-video-preview:-1"},"canonical":"https:\/\/valgerannaseikluspark.ee\/fi\/saannot\/","og_locale":"fi_FI","og_type":"article","og_title":"S\u00e4\u00e4nnn\u00f6t & Sopimukset - Valgeranna Seikluspark","og_description":"Sopimus Tutustu sopimukseen t\u00e4st\u00e4 S\u00e4\u00e4nn\u00f6t Jokainen asiakas solmii ennen radalle p\u00e4\u00e4sy\u00e4 kirjallisen sopimuksen seikkailupuiston kanssa ja saa puiston ty\u00f6ntekij\u00e4lt\u00e4 opastuksen sek\u00e4 turvaohjeet ratojen k\u00e4ytt\u00f6\u00f6n. Alle 14-vuotiaat p\u00e4\u00e4sev\u00e4t radalle vain t\u00e4ysi-ik\u00e4isen [&hellip;]","og_url":"https:\/\/valgerannaseikluspark.ee\/fi\/saannot\/","og_site_name":"Valgeranna Seikluspark","article_publisher":"https:\/\/www.facebook.com\/valgerannaseikluspark","article_modified_time":"2023-03-13T10:35:23+00:00","twitter_card":"summary_large_image","twitter_misc":{"Arvioitu lukuaika":"1 minuutti"},"schema":{"@context":"https:\/\/schema.org","@graph":[{"@type":"WebPage","@id":"https:\/\/valgerannaseikluspark.ee\/fi\/saannot\/","url":"https:\/\/valgerannaseikluspark.ee\/fi\/saannot\/","name":"S\u00e4\u00e4nnn\u00f6t & Sopimukset - Valgeranna Seikluspark","isPartOf":{"@id":"https:\/\/valgerannaseikluspark.ee\/fi\/#website"},"datePublished":"2022-10-04T07:27:54+00:00","dateModified":"2023-03-13T10:35:23+00:00","breadcrumb":{"@id":"https:\/\/valgerannaseikluspark.ee\/fi\/saannot\/#breadcrumb"},"inLanguage":"fi","potentialAction":[{"@type":"ReadAction","target":["https:\/\/valgerannaseikluspark.ee\/fi\/saannot\/"]}]},{"@type":"BreadcrumbList","@id":"https:\/\/valgerannaseikluspark.ee\/fi\/saannot\/#breadcrumb","itemListElement":[{"@type":"ListItem","position":1,"name":"Home","item":"https:\/\/valgerannaseikluspark.ee\/fi\/"},{"@type":"ListItem","position":2,"name":"S\u00e4\u00e4nnn\u00f6t &#038; Sopimukset"}]},{"@type":"WebSite","@id":"https:\/\/valgerannaseikluspark.ee\/fi\/#website","url":"https:\/\/valgerannaseikluspark.ee\/fi\/","name":"Valgeranna Seikluspark","description":"","publisher":{"@id":"https:\/\/valgerannaseikluspark.ee\/fi\/#organization"},"potentialAction":[{"@type":"SearchAction","target":{"@type":"EntryPoint","urlTemplate":"https:\/\/valgerannaseikluspark.ee\/fi\/?s={search_term_string}"},"query-input":{"@type":"PropertyValueSpecification","valueRequired":true,"valueName":"search_term_string"}}],"inLanguage":"fi"},{"@type":"Organization","@id":"https:\/\/valgerannaseikluspark.ee\/fi\/#organization","name":"Valgeranna Seikluspark","url":"https:\/\/valgerannaseikluspark.ee\/fi\/","logo":{"@type":"ImageObject","inLanguage":"fi","@id":"https:\/\/valgerannaseikluspark.ee\/fi\/#\/schema\/logo\/image\/","url":"https:\/\/valgerannaseikluspark.ee\/wp-content\/uploads\/2022\/11\/VSP_Logo_RGB-1.png","contentUrl":"https:\/\/valgerannaseikluspark.ee\/wp-content\/uploads\/2022\/11\/VSP_Logo_RGB-1.png","width":1600,"height":900,"caption":"Valgeranna Seikluspark"},"image":{"@id":"https:\/\/valgerannaseikluspark.ee\/fi\/#\/schema\/logo\/image\/"},"sameAs":["https:\/\/www.facebook.com\/valgerannaseikluspark"]}]}},"_links":{"self":[{"href":"https:\/\/valgerannaseikluspark.ee\/fi\/wp-json\/wp\/v2\/pages\/2555","targetHints":{"allow":["GET"]}}],"collection":[{"href":"https:\/\/valgerannaseikluspark.ee\/fi\/wp-json\/wp\/v2\/pages"}],"about":[{"href":"https:\/\/valgerannaseikluspark.ee\/fi\/wp-json\/wp\/v2\/types\/page"}],"author":[{"embeddable":true,"href":"https:\/\/valgerannaseikluspark.ee\/fi\/wp-json\/wp\/v2\/users\/1"}],"replies":[{"embeddable":true,"href":"https:\/\/valgerannaseikluspark.ee\/fi\/wp-json\/wp\/v2\/comments?post=2555"}],"version-history":[{"count":16,"href":"https:\/\/valgerannaseikluspark.ee\/fi\/wp-json\/wp\/v2\/pages\/2555\/revisions"}],"predecessor-version":[{"id":4088,"href":"https:\/\/valgerannaseikluspark.ee\/fi\/wp-json\/wp\/v2\/pages\/2555\/revisions\/4088"}],"wp:attachment":[{"href":"https:\/\/valgerannaseikluspark.ee\/fi\/wp-json\/wp\/v2\/media?parent=2555"}],"curies":[{"name":"wp","href":"https:\/\/api.w.org\/{rel}","templated":true}]}}